{"id":1451,"date":"2025-06-17T12:08:05","date_gmt":"2025-06-17T12:08:05","guid":{"rendered":"https:\/\/lauralogo.com\/about-me\/"},"modified":"2026-02-09T15:40:23","modified_gmt":"2026-02-09T15:40:23","slug":"about-me","status":"publish","type":"page","link":"https:\/\/lauralogo.com\/en\/about-me\/","title":{"rendered":"About me"},"content":{"rendered":"\t\t<div data-elementor-type=\"wp-page\" data-elementor-id=\"1451\" class=\"elementor elementor-1451 elementor-814\">\n\t\t\t\t<div class=\"elementor-element elementor-element-475d97e e-flex e-con-boxed e-con e-parent\" data-id=\"475d97e\" data-element_type=\"container\" data-e-type=\"container\" data-settings=\"{&quot;background_background&quot;:&quot;classic&quot;}\">\n\t\t\t\t\t<div class=\"e-con-inner\">\n\t\t<div class=\"elementor-element elementor-element-6310ce9 e-con-full e-flex e-con e-child\" data-id=\"6310ce9\" data-element_type=\"container\" data-e-type=\"container\" data-settings=\"{&quot;background_background&quot;:&quot;classic&quot;}\">\n\t\t\t\t<div class=\"elementor-element elementor-element-8c72a36 elementor-widget elementor-widget-heading\" data-id=\"8c72a36\" data-element_type=\"widget\" data-e-type=\"widget\" data-widget_type=\"heading.default\">\n\t\t\t\t<div class=\"elementor-widget-container\">\n\t\t\t\t\t<h2 class=\"elementor-heading-title elementor-size-default\">Get to know me<\/h2>\t\t\t\t<\/div>\n\t\t\t\t<\/div>\n\t\t\t\t<\/div>\n\t\t<div class=\"elementor-element elementor-element-69c90bf e-con-full e-flex e-con e-child\" data-id=\"69c90bf\" data-element_type=\"container\" data-e-type=\"container\" data-settings=\"{&quot;background_background&quot;:&quot;classic&quot;}\">\n\t\t\t\t<div class=\"elementor-element elementor-element-5640c63 e-n-tabs-none elementor-widget elementor-widget-n-tabs\" data-id=\"5640c63\" data-element_type=\"widget\" data-e-type=\"widget\" data-settings=\"{&quot;tabs_justify_horizontal&quot;:&quot;center&quot;,&quot;horizontal_scroll&quot;:&quot;disable&quot;}\" data-widget_type=\"nested-tabs.default\">\n\t\t\t\t<div class=\"elementor-widget-container\">\n\t\t\t\t\t\t\t<div class=\"e-n-tabs\" data-widget-number=\"90442851\" aria-label=\"Tabs. Open items with Enter or Space, close with Escape and navigate using the Arrow keys.\">\n\t\t\t<div class=\"e-n-tabs-heading\" role=\"tablist\">\n\t\t\t\t\t<button id=\"e-n-tab-title-904428511\" data-tab-title-id=\"e-n-tab-title-904428511\" class=\"e-n-tab-title\" aria-selected=\"true\" data-tab-index=\"1\" role=\"tab\" tabindex=\"0\" aria-controls=\"e-n-tab-content-904428511\" style=\"--n-tabs-title-order: 1;\">\n\t\t\t\t\t\t<span class=\"e-n-tab-title-text\">\n\t\t\t\tA solid academic and<br> professional background\t\t\t<\/span>\n\t\t<\/button>\n\t\t\t\t<button id=\"e-n-tab-title-904428512\" data-tab-title-id=\"e-n-tab-title-904428512\" class=\"e-n-tab-title\" aria-selected=\"false\" data-tab-index=\"2\" role=\"tab\" tabindex=\"-1\" aria-controls=\"e-n-tab-content-904428512\" style=\"--n-tabs-title-order: 2;\">\n\t\t\t\t\t\t<span class=\"e-n-tab-title-text\">\n\t\t\t\tA multicultural path\t\t\t<\/span>\n\t\t<\/button>\n\t\t\t\t<button id=\"e-n-tab-title-904428513\" data-tab-title-id=\"e-n-tab-title-904428513\" class=\"e-n-tab-title\" aria-selected=\"false\" data-tab-index=\"3\" role=\"tab\" tabindex=\"-1\" aria-controls=\"e-n-tab-content-904428513\" style=\"--n-tabs-title-order: 3;\">\n\t\t\t\t\t\t<span class=\"e-n-tab-title-text\">\n\t\t\t\tA unique approach\t\t\t<\/span>\n\t\t<\/button>\n\t\t\t\t\t<\/div>\n\t\t\t<div class=\"e-n-tabs-content\">\n\t\t\t\t<div id=\"e-n-tab-content-904428511\" role=\"tabpanel\" aria-labelledby=\"e-n-tab-title-904428511\" data-tab-index=\"1\" style=\"--n-tabs-title-order: 1;\" class=\"e-active elementor-element elementor-element-97ef4a0 e-con-full e-flex e-con e-child\" data-id=\"97ef4a0\" data-element_type=\"container\" data-e-type=\"container\">\n\t\t\t\t<div class=\"elementor-element elementor-element-92e716a elementor-widget elementor-widget-heading\" data-id=\"92e716a\" data-element_type=\"widget\" data-e-type=\"widget\" data-widget_type=\"heading.default\">\n\t\t\t\t<div class=\"elementor-widget-container\">\n\t\t\t\t\t<h2 class=\"elementor-heading-title elementor-size-default\">In Belgium : university training and intensive clinical practice<\/h2>\t\t\t\t<\/div>\n\t\t\t\t<\/div>\n\t\t\t\t<div class=\"elementor-element elementor-element-9973fe7 elementor-widget elementor-widget-text-editor\" data-id=\"9973fe7\" data-element_type=\"widget\" data-e-type=\"widget\" data-widget_type=\"text-editor.default\">\n\t\t\t\t<div class=\"elementor-widget-container\">\n\t\t\t\t\t\t\t\t\t<p><span class=\"s1\">I completed my speech therapy training in Brussels, starting with a three-year degree at the <strong>Institut Libre Marie Haps<\/strong>, an institution recognized for the quality of its teaching, and ending with a master&#8217;s degree at the <strong>Universit\u00e9 Libre de Bruxelles (ULB)<\/strong>.<\/span><br><span class=\"s1\">During these years, I carried out numerous hours of clinical practice in varied and demanding contexts, which allowed me to acquire a rich, transversal and deeply human experience:<\/span><\/p><ul><li class=\"p1\"><p><span class=\"s1\">In several regular and specialized schools, I worked with children with <strong>language and learning disorders<\/strong>, such as dyslexia, dysorthography, dyscalculia, dyspraxia, dysphasia, myofunctional disorders or speech and language delays. I treated children and adolescents with very diverse profiles: learning difficulties, intellectual disability, hearing impairment or even psychological disorders.<\/span><\/p><\/li><li><p>At the Saint-Luc University Clinics, I worked in <strong>dysphagia<\/strong> rehabilitation, mainly with adults in oncological, accidental or neurodegenerative contexts, developing specific skills in the treatment of swallowing disorders.<\/p><\/li><li><p>At CHU Brugmann, I participated in audiologic evaluations with a diverse population, from newborns to adults, many with suspected <strong>hearing impairment<\/strong>.<\/p><\/li><li><p>At the CHU Saint-Pierre, a university hospital, I did an internship in the otorhinolaryngology department, under the supervision of leading specialists in dysphonia. I was in charge of the evaluation and treatment of adult and elderly patients with <strong>vocal and\/or swallowing disorders<\/strong>, within a rigorous clinical approach.<\/p><\/li><\/ul><p><span class=\"s1\">Thanks to this training and experience, I am familiar with a wide range of pathologies such as learning disorders, oral and written language disorders, myofunctional disorders, hearing impairment, dysphagia and especially dysphonia.<\/span><\/p>\t\t\t\t\t\t\t\t<\/div>\n\t\t\t\t<\/div>\n\t\t\t\t<div class=\"elementor-element elementor-element-97528e1 elementor-widget elementor-widget-heading\" data-id=\"97528e1\" data-element_type=\"widget\" data-e-type=\"widget\" data-widget_type=\"heading.default\">\n\t\t\t\t<div class=\"elementor-widget-container\">\n\t\t\t\t\t<h2 class=\"elementor-heading-title elementor-size-default\">In Spain: diploma accreditation and autonomous practice<\/h2>\t\t\t\t<\/div>\n\t\t\t\t<\/div>\n\t\t\t\t<div class=\"elementor-element elementor-element-0ca47a8 elementor-widget elementor-widget-text-editor\" data-id=\"0ca47a8\" data-element_type=\"widget\" data-e-type=\"widget\" data-widget_type=\"text-editor.default\">\n\t\t\t\t<div class=\"elementor-widget-container\">\n\t\t\t\t\t\t\t\t\t<p>In order to continue my professional development in my country of origin, I took specialized training courses in the vocal area in Spain. I have had the privilege to train directly with:<\/p><ul><li><p><strong>Mariela Astudillo<\/strong>, international reference in voice feminization.<\/p><\/li><li><p><strong>Dami\u00e1n Osorio<\/strong>, speech therapist expert in voice training and rehabilitation.<\/p><\/li><\/ul><p>These experiences have enriched my practice and consolidated my <strong>vocology<\/strong> skills.<\/p><p>In addition, I participated in the translation of the book &#8220;<em>Manual de feminizaci\u00f3n de la voz: Iniciaci\u00f3n a la Vocolog\u00eda LGBTQIA+&#8221;<\/em>, which reflects my commitment to the LGBTQIA+ community and my in-depth knowledge in the field of voice.<\/p><p><span class=\"s1\">Currently, I have my practice in Mijas (Malaga) and I also offer online sessions internationally, as well as, depending on availability, home sessions in the area. This allows a professional and personalized accompaniment, accessible from anywhere in the world. <\/span><\/p>\t\t\t\t\t\t\t\t<\/div>\n\t\t\t\t<\/div>\n\t\t\t\t<\/div>\n\t\t<div id=\"e-n-tab-content-904428512\" role=\"tabpanel\" aria-labelledby=\"e-n-tab-title-904428512\" data-tab-index=\"2\" style=\"--n-tabs-title-order: 2;\" class=\" elementor-element elementor-element-e6265a7 e-con-full e-flex e-con e-child\" data-id=\"e6265a7\" data-element_type=\"container\" data-e-type=\"container\">\n\t\t\t\t<div class=\"elementor-element elementor-element-bd53b1b elementor-widget elementor-widget-text-editor\" data-id=\"bd53b1b\" data-element_type=\"widget\" data-e-type=\"widget\" data-widget_type=\"text-editor.default\">\n\t\t\t\t<div class=\"elementor-widget-container\">\n\t\t\t\t\t\t\t\t\t<p class=\"p1\"><span class=\"s1\">I grew up in Brussels, a deeply multicultural city, in a Spanish-speaking family. Since I was a child, <strong>Spanish<\/strong> and <strong>French<\/strong> have been my languages of reference. Throughout my academic and personal journey, I have also developed a strong proficiency in <strong>English<\/strong>.<\/span><\/p><p><span class=\"s1\">This background has given me an integrated bilingual identity and a particular sensitivity to <strong>multilingual contexts<\/strong>. I am fully comfortable to accompany people in Spanish and French, and I can also perform interventions in English, depending on the patient&#8217;s needs.<\/span><\/p><p><span class=\"s1\">This competency enables me to serve :<\/span><\/p><ul><li><p class=\"p1\"><span class=\"s1\"><strong>Bilingual schoolchildren<\/strong> in international contexts<\/span><\/p><\/li><li><p class=\"p1\"><span class=\"s1\"><strong>Expatriate adults<\/strong> wishing to receive care in their mother tongue<\/span><\/p><\/li><li><p class=\"p1\"><span class=\"s1\"><strong>Multilingual families<\/strong> seeking guidance adapted to their linguistic and cultural reality<\/span><\/p><\/li><\/ul><p><span class=\"s1\">This intercultural approach not only enriches the therapeutic relationship, but also allows me to build bridges between the patient&#8217;s different worlds, valuing their linguistic background as a real strength.<\/span><\/p>\t\t\t\t\t\t\t\t<\/div>\n\t\t\t\t<\/div>\n\t\t\t\t<\/div>\n\t\t<div id=\"e-n-tab-content-904428513\" role=\"tabpanel\" aria-labelledby=\"e-n-tab-title-904428513\" data-tab-index=\"3\" style=\"--n-tabs-title-order: 3;\" class=\" elementor-element elementor-element-5e2e415 e-flex e-con-boxed e-con e-child\" data-id=\"5e2e415\" data-element_type=\"container\" data-e-type=\"container\">\n\t\t\t\t\t<div class=\"e-con-inner\">\n\t\t\t\t<div class=\"elementor-element elementor-element-782613d elementor-widget elementor-widget-text-editor\" data-id=\"782613d\" data-element_type=\"widget\" data-e-type=\"widget\" data-widget_type=\"text-editor.default\">\n\t\t\t\t<div class=\"elementor-widget-container\">\n\t\t\t\t\t\t\t\t\t<p>My way of working is deeply rooted in three qualities that have guided me at every stage of my career:<\/p><ul><li><p><em>Passionate about my profession<\/em><br><br><span class=\"s1\">I discovered at a very young age that speech therapy was the path I wanted to follow. This early conviction drove me to move forward with determination, and with a constant motivation to continue learning and accompanying.<\/span><\/p><\/li><\/ul><ul><li><p><em>Empathic listening<\/em><br><br><span class=\"s1\">In each session, I strive to offer a space where listening, respect and presence are a priority. My approach is based on a  <\/span><span class=\"s2\">great sensitivity, empathy and respect for people, qualities that I consider essential in a profession focused on the care of others.<\/span><\/p><\/li><li><p><em>Adaptability and multicultural sensitivity<\/em><br><br>Thanks to my international and multilingual background, I adapt the therapeutic tools not only to the clinical profile, but also to the cultural and emotional reality of each patient. This ability allows me to design truly customized, effective and sustainable interventions.<\/p><\/li><\/ul><p>My practice is a place where science, humanity and creativity coexist. Attending to each person as a whole is what defines my way of practicing speech therapy.<\/p>\t\t\t\t\t\t\t\t<\/div>\n\t\t\t\t<\/div>\n\t\t\t\t\t<\/div>\n\t\t\t\t<\/div>\n\t\t\t\t\t<\/div>\n\t\t<\/div>\n\t\t\t\t\t\t<\/div>\n\t\t\t\t<\/div>\n\t\t\t\t<\/div>\n\t\t\t\t\t<\/div>\n\t\t\t\t<\/div>\n\t\t<div class=\"elementor-element elementor-element-fd2201d e-flex e-con-boxed e-con e-parent\" data-id=\"fd2201d\" data-element_type=\"container\" data-e-type=\"container\" data-settings=\"{&quot;background_background&quot;:&quot;classic&quot;}\">\n\t\t\t\t\t<div class=\"e-con-inner\">\n\t\t\t\t<div class=\"elementor-element elementor-element-e0d0583 elementor-widget elementor-widget-heading\" data-id=\"e0d0583\" data-element_type=\"widget\" data-e-type=\"widget\" data-widget_type=\"heading.default\">\n\t\t\t\t<div class=\"elementor-widget-container\">\n\t\t\t\t\t<h2 class=\"elementor-heading-title elementor-size-default\">Do you have any questions?<\/h2>\t\t\t\t<\/div>\n\t\t\t\t<\/div>\n\t\t\t\t<div class=\"elementor-element elementor-element-c546201 elementor-widget elementor-widget-button\" data-id=\"c546201\" data-element_type=\"widget\" data-e-type=\"widget\" data-widget_type=\"button.default\">\n\t\t\t\t<div class=\"elementor-widget-container\">\n\t\t\t\t\t\t\t\t\t<div class=\"elementor-button-wrapper\">\n\t\t\t\t\t<a class=\"elementor-button elementor-button-link elementor-size-sm elementor-animation-grow\" href=\"https:\/\/wa.me\/34623602990\">\n\t\t\t\t\t\t<span class=\"elementor-button-content-wrapper\">\n\t\t\t\t\t\t\t\t\t<span class=\"elementor-button-text\">Click here<\/span>\n\t\t\t\t\t<\/span>\n\t\t\t\t\t<\/a>\n\t\t\t\t<\/div>\n\t\t\t\t\t\t\t\t<\/div>\n\t\t\t\t<\/div>\n\t\t\t\t\t<\/div>\n\t\t\t\t<\/div>\n\t\t\t\t<\/div>\n\t\t","protected":false},"excerpt":{"rendered":"<p>Get to know me A solid academic and professional background A multicultural path A unique approach In Belgium : university training and intensive clinical practice I completed my speech therapy training in Brussels, starting with a three-year degree at the Institut Libre Marie Haps, an institution recognized for the quality of its teaching, and ending [&hellip;]<\/p>\n","protected":false},"author":1,"featured_media":0,"parent":0,"menu_order":0,"comment_status":"closed","ping_status":"closed","template":"","meta":{"footnotes":""},"class_list":["post-1451","page","type-page","status-publish","hentry"],"yoast_head":"<!-- This site is optimized with the Yoast SEO plugin v27.0 - https:\/\/yoast.com\/product\/yoast-seo-wordpress\/ -->\n<title>About me | Laura Benitez | Speech therapist in Malaga<\/title>\n<meta name=\"description\" content=\"Speech therapist in Malaga. I offer online and in-person speech therapy sessions in Spanish, French and English. Learn more about me.\" \/>\n<meta name=\"robots\" content=\"index, follow, max-snippet:-1, max-image-preview:large, max-video-preview:-1\" \/>\n<link rel=\"canonical\" href=\"https:\/\/lauralogo.com\/en\/about-me\/\" \/>\n<meta property=\"og:locale\" content=\"en_US\" \/>\n<meta property=\"og:type\" content=\"article\" \/>\n<meta property=\"og:title\" content=\"About me | Laura Benitez | Speech therapist in Malaga\" \/>\n<meta property=\"og:description\" content=\"Speech therapist in Malaga. I offer online and in-person speech therapy sessions in Spanish, French and English. Learn more about me.\" \/>\n<meta property=\"og:url\" content=\"https:\/\/lauralogo.com\/en\/about-me\/\" \/>\n<meta property=\"og:site_name\" content=\"Lauralogo\" \/>\n<meta property=\"article:modified_time\" content=\"2026-02-09T15:40:23+00:00\" \/>\n<meta name=\"twitter:card\" content=\"summary_large_image\" \/>\n<meta name=\"twitter:label1\" content=\"Est. reading time\" \/>\n\t<meta name=\"twitter:data1\" content=\"7 minutes\" \/>\n<script type=\"application\/ld+json\" class=\"yoast-schema-graph\">{\"@context\":\"https:\/\/schema.org\",\"@graph\":[{\"@type\":\"WebPage\",\"@id\":\"https:\/\/lauralogo.com\/en\/about-me\/\",\"url\":\"https:\/\/lauralogo.com\/en\/about-me\/\",\"name\":\"About me | Laura Benitez | Speech therapist in Malaga\",\"isPartOf\":{\"@id\":\"https:\/\/lauralogo.com\/en\/#website\"},\"datePublished\":\"2025-06-17T12:08:05+00:00\",\"dateModified\":\"2026-02-09T15:40:23+00:00\",\"description\":\"Speech therapist in Malaga. I offer online and in-person speech therapy sessions in Spanish, French and English. Learn more about me.\",\"breadcrumb\":{\"@id\":\"https:\/\/lauralogo.com\/en\/about-me\/#breadcrumb\"},\"inLanguage\":\"en-US\",\"potentialAction\":[{\"@type\":\"ReadAction\",\"target\":[\"https:\/\/lauralogo.com\/en\/about-me\/\"]}]},{\"@type\":\"BreadcrumbList\",\"@id\":\"https:\/\/lauralogo.com\/en\/about-me\/#breadcrumb\",\"itemListElement\":[{\"@type\":\"ListItem\",\"position\":1,\"name\":\"Portada\",\"item\":\"https:\/\/lauralogo.com\/en\/\"},{\"@type\":\"ListItem\",\"position\":2,\"name\":\"About me\"}]},{\"@type\":\"WebSite\",\"@id\":\"https:\/\/lauralogo.com\/en\/#website\",\"url\":\"https:\/\/lauralogo.com\/en\/\",\"name\":\"Lauralogo\",\"description\":\"Laura Benitez - Logopeda\",\"publisher\":{\"@id\":\"https:\/\/lauralogo.com\/en\/#\/schema\/person\/f170a007106d64af0135fc1ddef8ae62\"},\"potentialAction\":[{\"@type\":\"SearchAction\",\"target\":{\"@type\":\"EntryPoint\",\"urlTemplate\":\"https:\/\/lauralogo.com\/en\/?s={search_term_string}\"},\"query-input\":{\"@type\":\"PropertyValueSpecification\",\"valueRequired\":true,\"valueName\":\"search_term_string\"}}],\"inLanguage\":\"en-US\"},{\"@type\":[\"Person\",\"Organization\"],\"@id\":\"https:\/\/lauralogo.com\/en\/#\/schema\/person\/f170a007106d64af0135fc1ddef8ae62\",\"name\":\"Laura\",\"image\":{\"@type\":\"ImageObject\",\"inLanguage\":\"en-US\",\"@id\":\"https:\/\/lauralogo.com\/en\/#\/schema\/person\/image\/\",\"url\":\"https:\/\/lauralogo.com\/wp-content\/uploads\/2025\/09\/cropped-LOGO.png\",\"contentUrl\":\"https:\/\/lauralogo.com\/wp-content\/uploads\/2025\/09\/cropped-LOGO.png\",\"width\":1267,\"height\":596,\"caption\":\"Laura\"},\"logo\":{\"@id\":\"https:\/\/lauralogo.com\/en\/#\/schema\/person\/image\/\"},\"sameAs\":[\"https:\/\/lauralogo.com\"]}]}<\/script>\n<!-- \/ Yoast SEO plugin. -->","yoast_head_json":{"title":"About me | Laura Benitez | Speech therapist in Malaga","description":"Speech therapist in Malaga. I offer online and in-person speech therapy sessions in Spanish, French and English. Learn more about me.","robots":{"index":"index","follow":"follow","max-snippet":"max-snippet:-1","max-image-preview":"max-image-preview:large","max-video-preview":"max-video-preview:-1"},"canonical":"https:\/\/lauralogo.com\/en\/about-me\/","og_locale":"en_US","og_type":"article","og_title":"About me | Laura Benitez | Speech therapist in Malaga","og_description":"Speech therapist in Malaga. I offer online and in-person speech therapy sessions in Spanish, French and English. Learn more about me.","og_url":"https:\/\/lauralogo.com\/en\/about-me\/","og_site_name":"Lauralogo","article_modified_time":"2026-02-09T15:40:23+00:00","twitter_card":"summary_large_image","twitter_misc":{"Est. reading time":"7 minutes"},"schema":{"@context":"https:\/\/schema.org","@graph":[{"@type":"WebPage","@id":"https:\/\/lauralogo.com\/en\/about-me\/","url":"https:\/\/lauralogo.com\/en\/about-me\/","name":"About me | Laura Benitez | Speech therapist in Malaga","isPartOf":{"@id":"https:\/\/lauralogo.com\/en\/#website"},"datePublished":"2025-06-17T12:08:05+00:00","dateModified":"2026-02-09T15:40:23+00:00","description":"Speech therapist in Malaga. I offer online and in-person speech therapy sessions in Spanish, French and English. Learn more about me.","breadcrumb":{"@id":"https:\/\/lauralogo.com\/en\/about-me\/#breadcrumb"},"inLanguage":"en-US","potentialAction":[{"@type":"ReadAction","target":["https:\/\/lauralogo.com\/en\/about-me\/"]}]},{"@type":"BreadcrumbList","@id":"https:\/\/lauralogo.com\/en\/about-me\/#breadcrumb","itemListElement":[{"@type":"ListItem","position":1,"name":"Portada","item":"https:\/\/lauralogo.com\/en\/"},{"@type":"ListItem","position":2,"name":"About me"}]},{"@type":"WebSite","@id":"https:\/\/lauralogo.com\/en\/#website","url":"https:\/\/lauralogo.com\/en\/","name":"Lauralogo","description":"Laura Benitez - Logopeda","publisher":{"@id":"https:\/\/lauralogo.com\/en\/#\/schema\/person\/f170a007106d64af0135fc1ddef8ae62"},"potentialAction":[{"@type":"SearchAction","target":{"@type":"EntryPoint","urlTemplate":"https:\/\/lauralogo.com\/en\/?s={search_term_string}"},"query-input":{"@type":"PropertyValueSpecification","valueRequired":true,"valueName":"search_term_string"}}],"inLanguage":"en-US"},{"@type":["Person","Organization"],"@id":"https:\/\/lauralogo.com\/en\/#\/schema\/person\/f170a007106d64af0135fc1ddef8ae62","name":"Laura","image":{"@type":"ImageObject","inLanguage":"en-US","@id":"https:\/\/lauralogo.com\/en\/#\/schema\/person\/image\/","url":"https:\/\/lauralogo.com\/wp-content\/uploads\/2025\/09\/cropped-LOGO.png","contentUrl":"https:\/\/lauralogo.com\/wp-content\/uploads\/2025\/09\/cropped-LOGO.png","width":1267,"height":596,"caption":"Laura"},"logo":{"@id":"https:\/\/lauralogo.com\/en\/#\/schema\/person\/image\/"},"sameAs":["https:\/\/lauralogo.com"]}]}},"_links":{"self":[{"href":"https:\/\/lauralogo.com\/en\/wp-json\/wp\/v2\/pages\/1451","targetHints":{"allow":["GET"]}}],"collection":[{"href":"https:\/\/lauralogo.com\/en\/wp-json\/wp\/v2\/pages"}],"about":[{"href":"https:\/\/lauralogo.com\/en\/wp-json\/wp\/v2\/types\/page"}],"author":[{"embeddable":true,"href":"https:\/\/lauralogo.com\/en\/wp-json\/wp\/v2\/users\/1"}],"replies":[{"embeddable":true,"href":"https:\/\/lauralogo.com\/en\/wp-json\/wp\/v2\/comments?post=1451"}],"version-history":[{"count":16,"href":"https:\/\/lauralogo.com\/en\/wp-json\/wp\/v2\/pages\/1451\/revisions"}],"predecessor-version":[{"id":2414,"href":"https:\/\/lauralogo.com\/en\/wp-json\/wp\/v2\/pages\/1451\/revisions\/2414"}],"wp:attachment":[{"href":"https:\/\/lauralogo.com\/en\/wp-json\/wp\/v2\/media?parent=1451"}],"curies":[{"name":"wp","href":"https:\/\/api.w.org\/{rel}","templated":true}]}}