{"id":1437,"date":"2025-06-17T12:16:50","date_gmt":"2025-06-17T12:16:50","guid":{"rendered":"https:\/\/lauralogo.com\/contact\/"},"modified":"2026-02-09T17:12:11","modified_gmt":"2026-02-09T17:12:11","slug":"contactez","status":"publish","type":"page","link":"https:\/\/lauralogo.com\/fr\/contactez\/","title":{"rendered":"Contact"},"content":{"rendered":"\t\t<div data-elementor-type=\"wp-page\" data-elementor-id=\"1437\" class=\"elementor elementor-1437 elementor-819\">\n\t\t\t\t<div class=\"elementor-element elementor-element-0cdb58b e-flex e-con-boxed e-con e-parent\" data-id=\"0cdb58b\" data-element_type=\"container\" data-e-type=\"container\" data-settings=\"{&quot;background_background&quot;:&quot;classic&quot;}\">\n\t\t\t\t\t<div class=\"e-con-inner\">\n\t\t\t\t<div class=\"elementor-element elementor-element-660e963 elementor-widget elementor-widget-heading\" data-id=\"660e963\" data-element_type=\"widget\" data-e-type=\"widget\" data-widget_type=\"heading.default\">\n\t\t\t\t<div class=\"elementor-widget-container\">\n\t\t\t\t\t<h1 class=\"elementor-heading-title elementor-size-default\">Contact<\/h1>\t\t\t\t<\/div>\n\t\t\t\t<\/div>\n\t\t\t\t\t<\/div>\n\t\t\t\t<\/div>\n\t\t<div class=\"elementor-element elementor-element-1730f2f e-flex e-con-boxed e-con e-parent\" data-id=\"1730f2f\" data-element_type=\"container\" data-e-type=\"container\" data-settings=\"{&quot;background_background&quot;:&quot;classic&quot;}\">\n\t\t\t\t\t<div class=\"e-con-inner\">\n\t\t<div class=\"elementor-element elementor-element-5d2e2c8 e-con-full e-flex e-con e-child\" data-id=\"5d2e2c8\" data-element_type=\"container\" data-e-type=\"container\">\n\t\t<div class=\"elementor-element elementor-element-17912c0 e-con-full e-flex e-con e-child\" data-id=\"17912c0\" data-element_type=\"container\" data-e-type=\"container\">\n\t\t<div class=\"elementor-element elementor-element-c09c810 e-con-full e-flex e-con e-child\" data-id=\"c09c810\" data-element_type=\"container\" data-e-type=\"container\">\n\t\t\t\t<div class=\"elementor-element elementor-element-6d3799d elementor-widget elementor-widget-heading\" data-id=\"6d3799d\" data-element_type=\"widget\" data-e-type=\"widget\" data-widget_type=\"heading.default\">\n\t\t\t\t<div class=\"elementor-widget-container\">\n\t\t\t\t\t<h2 class=\"elementor-heading-title elementor-size-default\">Vous souhaitez obtenir plus d'informations ou prendre rendez-vous ?<\/h2>\t\t\t\t<\/div>\n\t\t\t\t<\/div>\n\t\t\t\t<div class=\"elementor-element elementor-element-ecb2c62 elementor-widget elementor-widget-text-editor\" data-id=\"ecb2c62\" data-element_type=\"widget\" data-e-type=\"widget\" data-widget_type=\"text-editor.default\">\n\t\t\t\t<div class=\"elementor-widget-container\">\n\t\t\t\t\t\t\t\t\t<p class=\"p1\"><span class=\"s1\">Je suis \u00e0 votre disposition pour r\u00e9pondre \u00e0 vos questions et vous accompagner dans cette d\u00e9marche. Vous pouvez me contacter par t\u00e9l\u00e9phone, par courriel ou par le biais de ce formulaire. <\/span><\/p>\t\t\t\t\t\t\t\t<\/div>\n\t\t\t\t<\/div>\n\t\t<div class=\"elementor-element elementor-element-cfbe13c e-con-full e-flex e-con e-child\" data-id=\"cfbe13c\" data-element_type=\"container\" data-e-type=\"container\" data-settings=\"{&quot;background_background&quot;:&quot;classic&quot;}\">\n\t\t\t\t<div class=\"elementor-element elementor-element-d4d1454 elementor-widget elementor-widget-text-editor\" data-id=\"d4d1454\" data-element_type=\"widget\" data-e-type=\"widget\" data-widget_type=\"text-editor.default\">\n\t\t\t\t<div class=\"elementor-widget-container\">\n\t\t\t\t\t\t\t\t\t<p><strong>Adresse :<\/strong><br>Camino Pe\u00f1a Blanquilla, 27<br>29650, Mijas<\/p>\t\t\t\t\t\t\t\t<\/div>\n\t\t\t\t<\/div>\n\t\t\t\t<div class=\"elementor-element elementor-element-a3cd0b4 elementor-widget elementor-widget-google_maps\" data-id=\"a3cd0b4\" data-element_type=\"widget\" data-e-type=\"widget\" data-widget_type=\"google_maps.default\">\n\t\t\t\t<div class=\"elementor-widget-container\">\n\t\t\t\t\t\t\t<div class=\"elementor-custom-embed\">\n\t\t\t<iframe loading=\"lazy\"\n\t\t\t\t\tsrc=\"https:\/\/maps.google.com\/maps?q=Camino%20Pe%C3%B1a%20Blanquilla%2C%2027&#038;t=m&#038;z=9&#038;output=embed&#038;iwloc=near\"\n\t\t\t\t\ttitle=\"Camino Pe\u00f1a Blanquilla, 27\"\n\t\t\t\t\taria-label=\"Camino Pe\u00f1a Blanquilla, 27\"\n\t\t\t><\/iframe>\n\t\t<\/div>\n\t\t\t\t\t\t<\/div>\n\t\t\t\t<\/div>\n\t\t\t\t<div class=\"elementor-element elementor-element-a5dcdc0 elementor-widget elementor-widget-button\" data-id=\"a5dcdc0\" data-element_type=\"widget\" data-e-type=\"widget\" data-widget_type=\"button.default\">\n\t\t\t\t<div class=\"elementor-widget-container\">\n\t\t\t\t\t\t\t\t\t<div class=\"elementor-button-wrapper\">\n\t\t\t\t\t<a class=\"elementor-button elementor-button-link elementor-size-sm elementor-animation-grow\" href=\"tel:+34623602990\">\n\t\t\t\t\t\t<span class=\"elementor-button-content-wrapper\">\n\t\t\t\t\t\t<span class=\"elementor-button-icon\">\n\t\t\t\t<svg aria-hidden=\"true\" class=\"e-font-icon-svg e-fas-phone-alt\" viewBox=\"0 0 512 512\" xmlns=\"http:\/\/www.w3.org\/2000\/svg\"><path d=\"M497.39 361.8l-112-48a24 24 0 0 0-28 6.9l-49.6 60.6A370.66 370.66 0 0 1 130.6 204.11l60.6-49.6a23.94 23.94 0 0 0 6.9-28l-48-112A24.16 24.16 0 0 0 122.6.61l-104 24A24 24 0 0 0 0 48c0 256.5 207.9 464 464 464a24 24 0 0 0 23.4-18.6l24-104a24.29 24.29 0 0 0-14.01-27.6z\"><\/path><\/svg>\t\t\t<\/span>\n\t\t\t\t\t\t\t\t\t<span class=\"elementor-button-text\">+34 623 60 29 90<\/span>\n\t\t\t\t\t<\/span>\n\t\t\t\t\t<\/a>\n\t\t\t\t<\/div>\n\t\t\t\t\t\t\t\t<\/div>\n\t\t\t\t<\/div>\n\t\t\t\t<div class=\"elementor-element elementor-element-044d6d6 elementor-widget elementor-widget-button\" data-id=\"044d6d6\" data-element_type=\"widget\" data-e-type=\"widget\" data-widget_type=\"button.default\">\n\t\t\t\t<div class=\"elementor-widget-container\">\n\t\t\t\t\t\t\t\t\t<div class=\"elementor-button-wrapper\">\n\t\t\t\t\t<a class=\"elementor-button elementor-button-link elementor-size-sm elementor-animation-grow\" href=\"mailto:contact@lauralogo.com\">\n\t\t\t\t\t\t<span class=\"elementor-button-content-wrapper\">\n\t\t\t\t\t\t<span class=\"elementor-button-icon\">\n\t\t\t\t<svg aria-hidden=\"true\" class=\"e-font-icon-svg e-far-envelope\" viewBox=\"0 0 512 512\" xmlns=\"http:\/\/www.w3.org\/2000\/svg\"><path d=\"M464 64H48C21.49 64 0 85.49 0 112v288c0 26.51 21.49 48 48 48h416c26.51 0 48-21.49 48-48V112c0-26.51-21.49-48-48-48zm0 48v40.805c-22.422 18.259-58.168 46.651-134.587 106.49-16.841 13.247-50.201 45.072-73.413 44.701-23.208.375-56.579-31.459-73.413-44.701C106.18 199.465 70.425 171.067 48 152.805V112h416zM48 400V214.398c22.914 18.251 55.409 43.862 104.938 82.646 21.857 17.205 60.134 55.186 103.062 54.955 42.717.231 80.509-37.199 103.053-54.947 49.528-38.783 82.032-64.401 104.947-82.653V400H48z\"><\/path><\/svg>\t\t\t<\/span>\n\t\t\t\t\t\t\t\t\t<span class=\"elementor-button-text\">contact@lauralogo.com<\/span>\n\t\t\t\t\t<\/span>\n\t\t\t\t\t<\/a>\n\t\t\t\t<\/div>\n\t\t\t\t\t\t\t\t<\/div>\n\t\t\t\t<\/div>\n\t\t\t\t<\/div>\n\t\t\t\t<div class=\"elementor-element elementor-element-0d7c2bc elementor-widget elementor-widget-button\" data-id=\"0d7c2bc\" data-element_type=\"widget\" data-e-type=\"widget\" data-widget_type=\"button.default\">\n\t\t\t\t<div class=\"elementor-widget-container\">\n\t\t\t\t\t\t\t\t\t<div class=\"elementor-button-wrapper\">\n\t\t\t\t\t<a class=\"elementor-button elementor-button-link elementor-size-sm elementor-animation-grow\" href=\"https:\/\/wa.me\/34623602990\">\n\t\t\t\t\t\t<span class=\"elementor-button-content-wrapper\">\n\t\t\t\t\t\t\t\t\t<span class=\"elementor-button-text\">Contactez-moi<\/span>\n\t\t\t\t\t<\/span>\n\t\t\t\t\t<\/a>\n\t\t\t\t<\/div>\n\t\t\t\t\t\t\t\t<\/div>\n\t\t\t\t<\/div>\n\t\t\t\t<\/div>\n\t\t<div class=\"elementor-element elementor-element-e113ba3 e-flex e-con-boxed e-con e-child\" data-id=\"e113ba3\" data-element_type=\"container\" data-e-type=\"container\">\n\t\t\t\t\t<div class=\"e-con-inner\">\n\t\t\t\t<div class=\"elementor-element elementor-element-c93ba08 elementor-widget elementor-widget-heading\" data-id=\"c93ba08\" data-element_type=\"widget\" data-e-type=\"widget\" data-widget_type=\"heading.default\">\n\t\t\t\t<div class=\"elementor-widget-container\">\n\t\t\t\t\t<h2 class=\"elementor-heading-title elementor-size-default\">Prenez rendez-vous<\/h2>\t\t\t\t<\/div>\n\t\t\t\t<\/div>\n\t\t\t\t<div class=\"elementor-element elementor-element-5cc0742 elementor-hidden-desktop elementor-hidden-tablet elementor-widget-divider--view-line elementor-widget elementor-widget-divider\" data-id=\"5cc0742\" data-element_type=\"widget\" data-e-type=\"widget\" data-widget_type=\"divider.default\">\n\t\t\t\t<div class=\"elementor-widget-container\">\n\t\t\t\t\t\t\t<div class=\"elementor-divider\">\n\t\t\t<span class=\"elementor-divider-separator\">\n\t\t\t\t\t\t<\/span>\n\t\t<\/div>\n\t\t\t\t\t\t<\/div>\n\t\t\t\t<\/div>\n\t\t\t\t<div class=\"elementor-element elementor-element-adbb5af elementor-widget-mobile__width-inherit elementor-widget elementor-widget-wpforms\" data-id=\"adbb5af\" data-element_type=\"widget\" data-e-type=\"widget\" data-widget_type=\"wpforms.default\">\n\t\t\t\t<div class=\"elementor-widget-container\">\n\t\t\t\t\t<style id=\"wpforms-css-vars-elementor-widget-adbb5af\">\n\t\t\t\t.elementor-widget-wpforms.elementor-element-adbb5af {\n\t\t\t\t--wpforms-field-border-size: 2px;\n--wpforms-field-border-radius: 30px;\n--wpforms-field-background-color: #FFFFFF;\n--wpforms-field-border-color: #ECECEC;\n--wpforms-field-border-color-spare: #ECECEC;\n--wpforms-field-text-color: #333333;\n--wpforms-label-color: #333333;\n--wpforms-label-sublabel-color: #707070;\n--wpforms-button-border-radius: 30px;\n--wpforms-button-background-color: #707070;\n--wpforms-label-size-font-size: 18px;\n--wpforms-label-size-line-height: 21px;\n--wpforms-label-size-sublabel-font-size: 16px;\n--wpforms-label-size-sublabel-line-height: 19px;\n--wpforms-button-size-font-size: 20px;\n--wpforms-button-size-height: 48px;\n--wpforms-button-size-padding-h: 20px;\n--wpforms-button-size-margin-top: 15px;\n\t\t\t}\n\t\t\t<\/style><div class=\"wpforms-container wpforms-container-full wpforms-render-modern\" id=\"wpforms-225\"><form id=\"wpforms-form-225\" class=\"wpforms-validate wpforms-form wpforms-ajax-form\" data-formid=\"225\" method=\"post\" enctype=\"multipart\/form-data\" action=\"\/fr\/wp-json\/wp\/v2\/pages\/1437\" data-token=\"1686a1aac554effea672a6c949f749ce\" data-token-time=\"1776759408\"><noscript class=\"wpforms-error-noscript\">Veuillez activer JavaScript dans votre navigateur pour remplir ce formulaire.<\/noscript><div id=\"wpforms-error-noscript\" style=\"display: none;\">Veuillez activer JavaScript dans votre navigateur pour remplir ce formulaire.<\/div><div class=\"wpforms-field-container\">\t\t<div id=\"wpforms-225-field_3-container\"\n\t\t\tclass=\"wpforms-field wpforms-field-text\"\n\t\t\tdata-field-type=\"text\"\n\t\t\tdata-field-id=\"3\"\n\t\t\t>\n\t\t\t<label class=\"wpforms-field-label\" for=\"wpforms-225-field_3\" >Adresse aimeriez t\u00e9l\u00e9phone<\/label>\n\t\t\t<input type=\"text\" id=\"wpforms-225-field_3\" class=\"wpforms-field-medium\" name=\"wpforms[fields][3]\" >\n\t\t<\/div>\n\t\t<div id=\"wpforms-225-field_1-container\" class=\"wpforms-field wpforms-field-name\" data-field-id=\"1\"><fieldset><legend class=\"wpforms-field-label\">Quel est votre nom ? <span class=\"wpforms-required-label\" aria-hidden=\"true\">*<\/span><\/legend><div class=\"wpforms-field-row wpforms-field-medium\"><div class=\"wpforms-field-row-block wpforms-first wpforms-one-half\"><input type=\"text\" id=\"wpforms-225-field_1\" class=\"wpforms-field-name-first wpforms-field-required\" name=\"wpforms[fields][1][first]\" aria-errormessage=\"wpforms-225-field_1-error\" required><label for=\"wpforms-225-field_1\" class=\"wpforms-field-sublabel after\">Nom<\/label><\/div><div class=\"wpforms-field-row-block wpforms-one-half\"><input type=\"text\" id=\"wpforms-225-field_1-last\" class=\"wpforms-field-name-last wpforms-field-required\" name=\"wpforms[fields][1][last]\" aria-errormessage=\"wpforms-225-field_1-last-error\" required><label for=\"wpforms-225-field_1-last\" class=\"wpforms-field-sublabel after\">Nom de famille<\/label><\/div><\/div><\/fieldset><\/div><div id=\"wpforms-225-field_2-container\" class=\"wpforms-field wpforms-field-email\" data-field-id=\"2\"><label class=\"wpforms-field-label\" for=\"wpforms-225-field_2\">Adresse \u00e9lectronique <span class=\"wpforms-required-label\" aria-hidden=\"true\">*<\/span><\/label><input type=\"email\" id=\"wpforms-225-field_2\" class=\"wpforms-field-medium wpforms-field-required\" name=\"wpforms[fields][2]\" spellcheck=\"false\" aria-errormessage=\"wpforms-225-field_2-error\" required><\/div><div id=\"wpforms-225-field_7-container\" class=\"wpforms-field wpforms-field-text\" data-field-id=\"7\"><label class=\"wpforms-field-label\" for=\"wpforms-225-field_7\">Votre num\u00e9ro de t\u00e9l\u00e9phone <span class=\"wpforms-required-label\" aria-hidden=\"true\">*<\/span><\/label><input type=\"text\" id=\"wpforms-225-field_7\" class=\"wpforms-field-medium wpforms-field-required\" name=\"wpforms[fields][7]\" aria-errormessage=\"wpforms-225-field_7-error\" required><\/div><div id=\"wpforms-225-field_5-container\" class=\"wpforms-field wpforms-field-text\" data-field-id=\"5\"><label class=\"wpforms-field-label\" for=\"wpforms-225-field_5\">Votre pays de r\u00e9sidence <span class=\"wpforms-required-label\" aria-hidden=\"true\">*<\/span><\/label><input type=\"text\" id=\"wpforms-225-field_5\" class=\"wpforms-field-medium wpforms-field-required\" name=\"wpforms[fields][5]\" aria-errormessage=\"wpforms-225-field_5-error\" required><\/div><div id=\"wpforms-225-field_6-container\" class=\"wpforms-field wpforms-field-text\" data-field-id=\"6\"><label class=\"wpforms-field-label\" for=\"wpforms-225-field_6\">Qu&#039;est-ce que vous aimeriez travailler avec moi ? <span class=\"wpforms-required-label\" aria-hidden=\"true\">*<\/span><\/label><input type=\"text\" id=\"wpforms-225-field_6\" class=\"wpforms-field-medium wpforms-field-required\" name=\"wpforms[fields][6]\" aria-errormessage=\"wpforms-225-field_6-error\" required><\/div><div id=\"wpforms-225-field_8-container\" class=\"wpforms-field wpforms-field-text\" data-field-id=\"8\"><label class=\"wpforms-field-label\" for=\"wpforms-225-field_8\">Pr\u00e9f\u00e9rez-vous un rendez-vous en ligne ou en pr\u00e9sentiel ? <span class=\"wpforms-required-label\" aria-hidden=\"true\">*<\/span><\/label><input type=\"text\" id=\"wpforms-225-field_8\" class=\"wpforms-field-medium wpforms-field-required\" name=\"wpforms[fields][8]\" aria-errormessage=\"wpforms-225-field_8-error\" required><\/div><script>\n\t\t\t\t( function() {\n\t\t\t\t\tconst style = document.createElement( 'style' );\n\t\t\t\t\tstyle.appendChild( document.createTextNode( '#wpforms-225-field_3-container { position: absolute !important; overflow: hidden !important; display: inline !important; height: 1px !important; width: 1px !important; z-index: -1000 !important; padding: 0 !important; } #wpforms-225-field_3-container input { visibility: hidden; } #wpforms-conversational-form-page #wpforms-225-field_3-container label { counter-increment: none; }' ) );\n\t\t\t\t\tdocument.head.appendChild( style );\n\t\t\t\t\tdocument.currentScript?.remove();\n\t\t\t\t} )();\n\t\t\t<\/script><\/div><!-- .wpforms-field-container --><div class=\"wpforms-submit-container\" ><input type=\"hidden\" name=\"wpforms[id]\" value=\"225\"><input type=\"hidden\" name=\"page_title\" value=\"\"><input type=\"hidden\" name=\"page_url\" value=\"https:\/\/lauralogo.com\/fr\/wp-json\/wp\/v2\/pages\/1437\"><input type=\"hidden\" name=\"url_referer\" value=\"\"><button type=\"submit\" name=\"wpforms[submit]\" id=\"wpforms-submit-225\" class=\"wpforms-submit\" data-alt-text=\"Envoi...\" data-submit-text=\"DEMANDER UN RENDEZ-VOUS  \" aria-live=\"assertive\" value=\"wpforms-submit\">DEMANDER UN RENDEZ-VOUS  <\/button><img decoding=\"async\" src=\"https:\/\/lauralogo.com\/wp-content\/plugins\/wpforms-lite\/assets\/images\/submit-spin.svg\" class=\"wpforms-submit-spinner\" style=\"display: none;\" width=\"26\" height=\"26\" alt=\"Chargement en cours\"><\/div><\/form><\/div>  <!-- .wpforms-container -->\t\t\t\t<\/div>\n\t\t\t\t<\/div>\n\t\t\t\t\t<\/div>\n\t\t\t\t<\/div>\n\t\t\t\t<\/div>\n\t\t\t\t<\/div>\n\t\t\t\t\t<\/div>\n\t\t\t\t<\/div>\n\t\t\t\t<\/div>\n\t\t","protected":false},"excerpt":{"rendered":"<p>Contact Vous souhaitez obtenir plus d'informations ou prendre rendez-vous ? Je suis \u00e0 votre disposition pour r\u00e9pondre \u00e0 vos questions et vous accompagner dans cette d\u00e9marche. Vous pouvez me contacter par t\u00e9l\u00e9phone, par courriel ou par le biais de ce formulaire. Adresse :Camino Pe\u00f1a Blanquilla, 2729650, Mijas +34 623 60 29 90 contact@lauralogo.com Contactez-moi Prenez [&hellip;]<\/p>\n","protected":false},"author":1,"featured_media":0,"parent":0,"menu_order":0,"comment_status":"closed","ping_status":"closed","template":"","meta":{"footnotes":""},"class_list":["post-1437","page","type-page","status-publish","hentry"],"yoast_head":"<!-- This site is optimized with the Yoast SEO plugin v27.0 - https:\/\/yoast.com\/product\/yoast-seo-wordpress\/ -->\n<title>Contactez Laura Benitez | Orthophoniste \u00e0 Malaga<\/title>\n<meta name=\"description\" content=\"Contactez votre orthophoniste \u00e0 Malaga. S\u00e9ances en espagnol, fran\u00e7ais et anglais. Accompagnement flexible pour les enfants et les adultes.\" \/>\n<meta name=\"robots\" content=\"index, follow, max-snippet:-1, max-image-preview:large, max-video-preview:-1\" \/>\n<link rel=\"canonical\" href=\"https:\/\/lauralogo.com\/fr\/contactez\/\" \/>\n<meta property=\"og:locale\" content=\"fr_FR\" \/>\n<meta property=\"og:type\" content=\"article\" \/>\n<meta property=\"og:title\" content=\"Contactez Laura Benitez | Orthophoniste \u00e0 Malaga\" \/>\n<meta property=\"og:description\" content=\"Contactez votre orthophoniste \u00e0 Malaga. S\u00e9ances en espagnol, fran\u00e7ais et anglais. Accompagnement flexible pour les enfants et les adultes.\" \/>\n<meta property=\"og:url\" content=\"https:\/\/lauralogo.com\/fr\/contactez\/\" \/>\n<meta property=\"og:site_name\" content=\"Lauralogo\" \/>\n<meta property=\"article:modified_time\" content=\"2026-02-09T17:12:11+00:00\" \/>\n<meta property=\"og:image\" content=\"https:\/\/lauralogo.com\/wp-content\/plugins\/wpforms-lite\/assets\/images\/submit-spin.svg\" \/>\n<meta name=\"twitter:card\" content=\"summary_large_image\" \/>\n<meta name=\"twitter:label1\" content=\"Dur\u00e9e de lecture estim\u00e9e\" \/>\n\t<meta name=\"twitter:data1\" content=\"1 minute\" \/>\n<script type=\"application\/ld+json\" class=\"yoast-schema-graph\">{\"@context\":\"https:\/\/schema.org\",\"@graph\":[{\"@type\":\"WebPage\",\"@id\":\"https:\/\/lauralogo.com\/fr\/contactez\/\",\"url\":\"https:\/\/lauralogo.com\/fr\/contactez\/\",\"name\":\"Contactez Laura Benitez | Orthophoniste \u00e0 Malaga\",\"isPartOf\":{\"@id\":\"https:\/\/lauralogo.com\/fr\/#website\"},\"primaryImageOfPage\":{\"@id\":\"https:\/\/lauralogo.com\/fr\/contactez\/#primaryimage\"},\"image\":{\"@id\":\"https:\/\/lauralogo.com\/fr\/contactez\/#primaryimage\"},\"thumbnailUrl\":\"https:\/\/lauralogo.com\/wp-content\/plugins\/wpforms-lite\/assets\/images\/submit-spin.svg\",\"datePublished\":\"2025-06-17T12:16:50+00:00\",\"dateModified\":\"2026-02-09T17:12:11+00:00\",\"description\":\"Contactez votre orthophoniste \u00e0 Malaga. S\u00e9ances en espagnol, fran\u00e7ais et anglais. Accompagnement flexible pour les enfants et les adultes.\",\"breadcrumb\":{\"@id\":\"https:\/\/lauralogo.com\/fr\/contactez\/#breadcrumb\"},\"inLanguage\":\"fr-FR\",\"potentialAction\":[{\"@type\":\"ReadAction\",\"target\":[\"https:\/\/lauralogo.com\/fr\/contactez\/\"]}]},{\"@type\":\"ImageObject\",\"inLanguage\":\"fr-FR\",\"@id\":\"https:\/\/lauralogo.com\/fr\/contactez\/#primaryimage\",\"url\":\"https:\/\/lauralogo.com\/wp-content\/plugins\/wpforms-lite\/assets\/images\/submit-spin.svg\",\"contentUrl\":\"https:\/\/lauralogo.com\/wp-content\/plugins\/wpforms-lite\/assets\/images\/submit-spin.svg\"},{\"@type\":\"BreadcrumbList\",\"@id\":\"https:\/\/lauralogo.com\/fr\/contactez\/#breadcrumb\",\"itemListElement\":[{\"@type\":\"ListItem\",\"position\":1,\"name\":\"Portada\",\"item\":\"https:\/\/lauralogo.com\/fr\/\"},{\"@type\":\"ListItem\",\"position\":2,\"name\":\"Contact\"}]},{\"@type\":\"WebSite\",\"@id\":\"https:\/\/lauralogo.com\/fr\/#website\",\"url\":\"https:\/\/lauralogo.com\/fr\/\",\"name\":\"Lauralogo\",\"description\":\"Laura Benitez - Logopeda\",\"publisher\":{\"@id\":\"https:\/\/lauralogo.com\/fr\/#\/schema\/person\/f170a007106d64af0135fc1ddef8ae62\"},\"potentialAction\":[{\"@type\":\"SearchAction\",\"target\":{\"@type\":\"EntryPoint\",\"urlTemplate\":\"https:\/\/lauralogo.com\/fr\/?s={search_term_string}\"},\"query-input\":{\"@type\":\"PropertyValueSpecification\",\"valueRequired\":true,\"valueName\":\"search_term_string\"}}],\"inLanguage\":\"fr-FR\"},{\"@type\":[\"Person\",\"Organization\"],\"@id\":\"https:\/\/lauralogo.com\/fr\/#\/schema\/person\/f170a007106d64af0135fc1ddef8ae62\",\"name\":\"Laura\",\"image\":{\"@type\":\"ImageObject\",\"inLanguage\":\"fr-FR\",\"@id\":\"https:\/\/lauralogo.com\/fr\/#\/schema\/person\/image\/\",\"url\":\"https:\/\/lauralogo.com\/wp-content\/uploads\/2025\/09\/cropped-LOGO.png\",\"contentUrl\":\"https:\/\/lauralogo.com\/wp-content\/uploads\/2025\/09\/cropped-LOGO.png\",\"width\":1267,\"height\":596,\"caption\":\"Laura\"},\"logo\":{\"@id\":\"https:\/\/lauralogo.com\/fr\/#\/schema\/person\/image\/\"},\"sameAs\":[\"https:\/\/lauralogo.com\"]}]}<\/script>\n<!-- \/ Yoast SEO plugin. -->","yoast_head_json":{"title":"Contactez Laura Benitez | Orthophoniste \u00e0 Malaga","description":"Contactez votre orthophoniste \u00e0 Malaga. S\u00e9ances en espagnol, fran\u00e7ais et anglais. Accompagnement flexible pour les enfants et les adultes.","robots":{"index":"index","follow":"follow","max-snippet":"max-snippet:-1","max-image-preview":"max-image-preview:large","max-video-preview":"max-video-preview:-1"},"canonical":"https:\/\/lauralogo.com\/fr\/contactez\/","og_locale":"fr_FR","og_type":"article","og_title":"Contactez Laura Benitez | Orthophoniste \u00e0 Malaga","og_description":"Contactez votre orthophoniste \u00e0 Malaga. S\u00e9ances en espagnol, fran\u00e7ais et anglais. Accompagnement flexible pour les enfants et les adultes.","og_url":"https:\/\/lauralogo.com\/fr\/contactez\/","og_site_name":"Lauralogo","article_modified_time":"2026-02-09T17:12:11+00:00","og_image":[{"url":"https:\/\/lauralogo.com\/wp-content\/plugins\/wpforms-lite\/assets\/images\/submit-spin.svg","type":"","width":"","height":""}],"twitter_card":"summary_large_image","twitter_misc":{"Dur\u00e9e de lecture estim\u00e9e":"1 minute"},"schema":{"@context":"https:\/\/schema.org","@graph":[{"@type":"WebPage","@id":"https:\/\/lauralogo.com\/fr\/contactez\/","url":"https:\/\/lauralogo.com\/fr\/contactez\/","name":"Contactez Laura Benitez | Orthophoniste \u00e0 Malaga","isPartOf":{"@id":"https:\/\/lauralogo.com\/fr\/#website"},"primaryImageOfPage":{"@id":"https:\/\/lauralogo.com\/fr\/contactez\/#primaryimage"},"image":{"@id":"https:\/\/lauralogo.com\/fr\/contactez\/#primaryimage"},"thumbnailUrl":"https:\/\/lauralogo.com\/wp-content\/plugins\/wpforms-lite\/assets\/images\/submit-spin.svg","datePublished":"2025-06-17T12:16:50+00:00","dateModified":"2026-02-09T17:12:11+00:00","description":"Contactez votre orthophoniste \u00e0 Malaga. S\u00e9ances en espagnol, fran\u00e7ais et anglais. Accompagnement flexible pour les enfants et les adultes.","breadcrumb":{"@id":"https:\/\/lauralogo.com\/fr\/contactez\/#breadcrumb"},"inLanguage":"fr-FR","potentialAction":[{"@type":"ReadAction","target":["https:\/\/lauralogo.com\/fr\/contactez\/"]}]},{"@type":"ImageObject","inLanguage":"fr-FR","@id":"https:\/\/lauralogo.com\/fr\/contactez\/#primaryimage","url":"https:\/\/lauralogo.com\/wp-content\/plugins\/wpforms-lite\/assets\/images\/submit-spin.svg","contentUrl":"https:\/\/lauralogo.com\/wp-content\/plugins\/wpforms-lite\/assets\/images\/submit-spin.svg"},{"@type":"BreadcrumbList","@id":"https:\/\/lauralogo.com\/fr\/contactez\/#breadcrumb","itemListElement":[{"@type":"ListItem","position":1,"name":"Portada","item":"https:\/\/lauralogo.com\/fr\/"},{"@type":"ListItem","position":2,"name":"Contact"}]},{"@type":"WebSite","@id":"https:\/\/lauralogo.com\/fr\/#website","url":"https:\/\/lauralogo.com\/fr\/","name":"Lauralogo","description":"Laura Benitez - Logopeda","publisher":{"@id":"https:\/\/lauralogo.com\/fr\/#\/schema\/person\/f170a007106d64af0135fc1ddef8ae62"},"potentialAction":[{"@type":"SearchAction","target":{"@type":"EntryPoint","urlTemplate":"https:\/\/lauralogo.com\/fr\/?s={search_term_string}"},"query-input":{"@type":"PropertyValueSpecification","valueRequired":true,"valueName":"search_term_string"}}],"inLanguage":"fr-FR"},{"@type":["Person","Organization"],"@id":"https:\/\/lauralogo.com\/fr\/#\/schema\/person\/f170a007106d64af0135fc1ddef8ae62","name":"Laura","image":{"@type":"ImageObject","inLanguage":"fr-FR","@id":"https:\/\/lauralogo.com\/fr\/#\/schema\/person\/image\/","url":"https:\/\/lauralogo.com\/wp-content\/uploads\/2025\/09\/cropped-LOGO.png","contentUrl":"https:\/\/lauralogo.com\/wp-content\/uploads\/2025\/09\/cropped-LOGO.png","width":1267,"height":596,"caption":"Laura"},"logo":{"@id":"https:\/\/lauralogo.com\/fr\/#\/schema\/person\/image\/"},"sameAs":["https:\/\/lauralogo.com"]}]}},"_links":{"self":[{"href":"https:\/\/lauralogo.com\/fr\/wp-json\/wp\/v2\/pages\/1437","targetHints":{"allow":["GET"]}}],"collection":[{"href":"https:\/\/lauralogo.com\/fr\/wp-json\/wp\/v2\/pages"}],"about":[{"href":"https:\/\/lauralogo.com\/fr\/wp-json\/wp\/v2\/types\/page"}],"author":[{"embeddable":true,"href":"https:\/\/lauralogo.com\/fr\/wp-json\/wp\/v2\/users\/1"}],"replies":[{"embeddable":true,"href":"https:\/\/lauralogo.com\/fr\/wp-json\/wp\/v2\/comments?post=1437"}],"version-history":[{"count":18,"href":"https:\/\/lauralogo.com\/fr\/wp-json\/wp\/v2\/pages\/1437\/revisions"}],"predecessor-version":[{"id":2516,"href":"https:\/\/lauralogo.com\/fr\/wp-json\/wp\/v2\/pages\/1437\/revisions\/2516"}],"wp:attachment":[{"href":"https:\/\/lauralogo.com\/fr\/wp-json\/wp\/v2\/media?parent=1437"}],"curies":[{"name":"wp","href":"https:\/\/api.w.org\/{rel}","templated":true}]}}