{"id":1447,"date":"2025-06-17T12:08:05","date_gmt":"2025-06-17T12:08:05","guid":{"rendered":"https:\/\/lauralogo.com\/a-propos-de-moi\/"},"modified":"2026-02-09T15:16:24","modified_gmt":"2026-02-09T15:16:24","slug":"a-propos-de-moi","status":"publish","type":"page","link":"https:\/\/lauralogo.com\/fr\/a-propos-de-moi\/","title":{"rendered":"A propos de moi"},"content":{"rendered":"\t\t<div data-elementor-type=\"wp-page\" data-elementor-id=\"1447\" class=\"elementor elementor-1447 elementor-814\">\n\t\t\t\t<div class=\"elementor-element elementor-element-475d97e e-flex e-con-boxed e-con e-parent\" data-id=\"475d97e\" data-element_type=\"container\" data-e-type=\"container\" data-settings=\"{&quot;background_background&quot;:&quot;classic&quot;}\">\n\t\t\t\t\t<div class=\"e-con-inner\">\n\t\t<div class=\"elementor-element elementor-element-6310ce9 e-con-full e-flex e-con e-child\" data-id=\"6310ce9\" data-element_type=\"container\" data-e-type=\"container\" data-settings=\"{&quot;background_background&quot;:&quot;classic&quot;}\">\n\t\t\t\t<div class=\"elementor-element elementor-element-8c72a36 elementor-widget elementor-widget-heading\" data-id=\"8c72a36\" data-element_type=\"widget\" data-e-type=\"widget\" data-widget_type=\"heading.default\">\n\t\t\t\t<div class=\"elementor-widget-container\">\n\t\t\t\t\t<h2 class=\"elementor-heading-title elementor-size-default\">Apprenez \u00e0 me conna\u00eetre<\/h2>\t\t\t\t<\/div>\n\t\t\t\t<\/div>\n\t\t\t\t<\/div>\n\t\t<div class=\"elementor-element elementor-element-69c90bf e-con-full e-flex e-con e-child\" data-id=\"69c90bf\" data-element_type=\"container\" data-e-type=\"container\" data-settings=\"{&quot;background_background&quot;:&quot;classic&quot;}\">\n\t\t\t\t<div class=\"elementor-element elementor-element-5640c63 e-n-tabs-none elementor-widget elementor-widget-n-tabs\" data-id=\"5640c63\" data-element_type=\"widget\" data-e-type=\"widget\" data-settings=\"{&quot;tabs_justify_horizontal&quot;:&quot;center&quot;,&quot;horizontal_scroll&quot;:&quot;disable&quot;}\" data-widget_type=\"nested-tabs.default\">\n\t\t\t\t<div class=\"elementor-widget-container\">\n\t\t\t\t\t\t\t<div class=\"e-n-tabs\" data-widget-number=\"90442851\" aria-label=\"Onglets. Ouvrez des \u00e9l\u00e9ments avec Entrer ou Espace, fermez-les avec Echape et naviguez \u00e0 l&#039;aide des touches fl\u00e9ch\u00e9es.\">\n\t\t\t<div class=\"e-n-tabs-heading\" role=\"tablist\">\n\t\t\t\t\t<button id=\"e-n-tab-title-904428511\" data-tab-title-id=\"e-n-tab-title-904428511\" class=\"e-n-tab-title\" aria-selected=\"true\" data-tab-index=\"1\" role=\"tab\" tabindex=\"0\" aria-controls=\"e-n-tab-content-904428511\" style=\"--n-tabs-title-order: 1;\">\n\t\t\t\t\t\t<span class=\"e-n-tab-title-text\">\n\t\t\t\tUn parcours acad\u00e9mique et<br> professionnel solide\t\t\t<\/span>\n\t\t<\/button>\n\t\t\t\t<button id=\"e-n-tab-title-904428512\" data-tab-title-id=\"e-n-tab-title-904428512\" class=\"e-n-tab-title\" aria-selected=\"false\" data-tab-index=\"2\" role=\"tab\" tabindex=\"-1\" aria-controls=\"e-n-tab-content-904428512\" style=\"--n-tabs-title-order: 2;\">\n\t\t\t\t\t\t<span class=\"e-n-tab-title-text\">\n\t\t\t\tUn cheminement multiculturel\t\t\t<\/span>\n\t\t<\/button>\n\t\t\t\t<button id=\"e-n-tab-title-904428513\" data-tab-title-id=\"e-n-tab-title-904428513\" class=\"e-n-tab-title\" aria-selected=\"false\" data-tab-index=\"3\" role=\"tab\" tabindex=\"-1\" aria-controls=\"e-n-tab-content-904428513\" style=\"--n-tabs-title-order: 3;\">\n\t\t\t\t\t\t<span class=\"e-n-tab-title-text\">\n\t\t\t\tUne approche unique\t\t\t<\/span>\n\t\t<\/button>\n\t\t\t\t\t<\/div>\n\t\t\t<div class=\"e-n-tabs-content\">\n\t\t\t\t<div id=\"e-n-tab-content-904428511\" role=\"tabpanel\" aria-labelledby=\"e-n-tab-title-904428511\" data-tab-index=\"1\" style=\"--n-tabs-title-order: 1;\" class=\"e-active elementor-element elementor-element-97ef4a0 e-con-full e-flex e-con e-child\" data-id=\"97ef4a0\" data-element_type=\"container\" data-e-type=\"container\">\n\t\t\t\t<div class=\"elementor-element elementor-element-92e716a elementor-widget elementor-widget-heading\" data-id=\"92e716a\" data-element_type=\"widget\" data-e-type=\"widget\" data-widget_type=\"heading.default\">\n\t\t\t\t<div class=\"elementor-widget-container\">\n\t\t\t\t\t<h2 class=\"elementor-heading-title elementor-size-default\">En Belgique : formation universitaire et pratique clinique intensive<\/h2>\t\t\t\t<\/div>\n\t\t\t\t<\/div>\n\t\t\t\t<div class=\"elementor-element elementor-element-9973fe7 elementor-widget elementor-widget-text-editor\" data-id=\"9973fe7\" data-element_type=\"widget\" data-e-type=\"widget\" data-widget_type=\"text-editor.default\">\n\t\t\t\t<div class=\"elementor-widget-container\">\n\t\t\t\t\t\t\t\t\t<p><span class=\"s1\">J'ai suivi ma formation d'orthophoniste\/logop\u00e8de \u00e0 Bruxelles, en commen\u00e7ant par un bachelier de trois ans \u00e0 l'<strong>Institut Libre Marie Haps<\/strong>, une \u00e9cole r\u00e9put\u00e9e pour la qualit\u00e9 de son enseignement, et en terminant par un master en logop\u00e9die sp\u00e9cialis\u00e9e \u00e0 l'<strong>Universit\u00e9 Libre de Bruxelles (ULB)<\/strong>.<\/span><br><span class=\"s1\">Durant ces ann\u00e9es d'\u00e9tude, j'ai effectu\u00e9 de nombreuses heures de pratique dans des contextes vari\u00e9s et exigeants, ce qui m'a permis d'acqu\u00e9rir une exp\u00e9rience riche, transversale et profond\u00e9ment humaine :<\/span><\/p><ul><li class=\"p1\"><p><span class=\"s1\">Dans diff\u00e9rentes \u00e9coles ordinaires et sp\u00e9cialis\u00e9es, j'ai travaill\u00e9 avec des enfants pr\u00e9sentant des <strong>troubles du langage et de l'apprentissage<\/strong>, tels que la dyslexie, la dysorthographie, la dyscalculie, la dyspraxie, la dysphasie, les troubles myofonctionnels ou les retards de parole et de langage. J'ai suivi des enfants et des adolescents pr\u00e9sentant des profils tr\u00e8s vari\u00e9s : difficult\u00e9s d'apprentissage, d\u00e9ficience intellectuelle, d\u00e9ficience auditive ou encore troubles psychologiques.<\/span><\/p><\/li><li><p>Aux Cliniques Universitaires Saint-Luc, j'ai travaill\u00e9 sur la r\u00e9\u00e9ducation de la <strong>dysphagie<\/strong>, principalement aupr\u00e8s d'adultes dans des contextes oncologiques, accidentels ou neurod\u00e9g\u00e9n\u00e9ratifs, en d\u00e9veloppant des comp\u00e9tences sp\u00e9cifiques dans le traitement des troubles de la d\u00e9glutition.<\/p><\/li><li><p>Au CHU Brugmann, j'ai particip\u00e9 \u00e0 des \u00e9valuations audiologiques aupr\u00e8s d'une population vari\u00e9e, allant du nouveau-n\u00e9 \u00e0 l'adulte, dont beaucoup pr\u00e9sentaient une suspicion de <strong>d\u00e9ficience auditive<\/strong>.<\/p><\/li><li><p>Au CHU Saint-Pierre, j'ai effectu\u00e9 un stage dans le service d'oto-rhino-laryngologie, sous la supervision d'\u00e9minents sp\u00e9cialistes de la dysphonie. J'\u00e9tais responsable de l'\u00e9valuation et de la r\u00e9\u00e9ducation de patients pr\u00e9sentant des <strong>troubles de la voix et\/ou de la d\u00e9glutition<\/strong>, dans le cadre d'une approche clinique rigoureuse.<\/p><\/li><\/ul><p><span class=\"s1\">Gr\u00e2ce \u00e0 cette formation et \u00e0 cette exp\u00e9rience, je suis familiaris\u00e9e avec un large \u00e9ventail de pathologies telles que les troubles de l'apprentissage, les troubles du langage oral et \u00e9crit, les troubles myofonctionnels, les troubles de l'audition, la dysphagie et, plus particuli\u00e8rement, la dysphonie.<\/span><\/p>\t\t\t\t\t\t\t\t<\/div>\n\t\t\t\t<\/div>\n\t\t\t\t<div class=\"elementor-element elementor-element-97528e1 elementor-widget elementor-widget-heading\" data-id=\"97528e1\" data-element_type=\"widget\" data-e-type=\"widget\" data-widget_type=\"heading.default\">\n\t\t\t\t<div class=\"elementor-widget-container\">\n\t\t\t\t\t<h2 class=\"elementor-heading-title elementor-size-default\">En Espagne : homologation et pratique lib\u00e9rale<\/h2>\t\t\t\t<\/div>\n\t\t\t\t<\/div>\n\t\t\t\t<div class=\"elementor-element elementor-element-0ca47a8 elementor-widget elementor-widget-text-editor\" data-id=\"0ca47a8\" data-element_type=\"widget\" data-e-type=\"widget\" data-widget_type=\"text-editor.default\">\n\t\t\t\t<div class=\"elementor-widget-container\">\n\t\t\t\t\t\t\t\t\t<p>Afin de poursuivre mon parcours professionnel dans mon pays d'origine, j'ai suivi diff\u00e9rentes formations sur le domaine de la voix en Espagne. J'ai eu le privil\u00e8ge de me former directement aupr\u00e8s de :<\/p><ul><li><p><strong>Mariela Astudillo<\/strong>, r\u00e9f\u00e9rence internationale en mati\u00e8re de f\u00e9minisation de la voix.<\/p><\/li><li><p><strong>Dami\u00e1n Osorio<\/strong>, orthophoniste et expert en entrainement et r\u00e9\u00e9ducation de la voix.<\/p><\/li><\/ul><p>Ces exp\u00e9riences ont enrichi ma pratique et consolid\u00e9 mes comp\u00e9tences en <strong>vocologie<\/strong>.<\/p><p>En outre, j'ai particip\u00e9 \u00e0 la traduction du livre <em>\u00ab\u00a0Manuel de f\u00e9minisation de la voix : Inititation \u00e0 la Vocologie LGBTQIA+\u00a0\u00bb <\/em>, refl\u00e9tant ainsi mon engagement envers la communaut\u00e9 LGBTQIA+ et mes connaissances approfondies dans le domaine de la voix.<\/p><p><span class=\"s1\">Actuellement, mon cabinet se trouve \u00e0 Mijas (Malaga) et je propose \u00e9galement des s\u00e9ances en ligne \u00e0 l'\u00e9chelle internationale, ainsi que, selon mes disponibilit\u00e9s, des s\u00e9ances \u00e0 domicile dans la r\u00e9gion. Cela permet un accompagnement professionnel et personnalis\u00e9, accessible depuis n'importe o\u00f9 dans le monde. <\/span><\/p>\t\t\t\t\t\t\t\t<\/div>\n\t\t\t\t<\/div>\n\t\t\t\t<\/div>\n\t\t<div id=\"e-n-tab-content-904428512\" role=\"tabpanel\" aria-labelledby=\"e-n-tab-title-904428512\" data-tab-index=\"2\" style=\"--n-tabs-title-order: 2;\" class=\" elementor-element elementor-element-e6265a7 e-con-full e-flex e-con e-child\" data-id=\"e6265a7\" data-element_type=\"container\" data-e-type=\"container\">\n\t\t\t\t<div class=\"elementor-element elementor-element-bd53b1b elementor-widget elementor-widget-text-editor\" data-id=\"bd53b1b\" data-element_type=\"widget\" data-e-type=\"widget\" data-widget_type=\"text-editor.default\">\n\t\t\t\t<div class=\"elementor-widget-container\">\n\t\t\t\t\t\t\t\t\t<p class=\"p1\"><span class=\"s1\">J'ai grandi \u00e0 Bruxelles, une ville profond\u00e9ment multiculturelle, au sein d'une famille hispanophone. Depuis mon enfance, l'<strong>espagnol<\/strong> et le <strong>fran\u00e7ais<\/strong> sont mes langues de r\u00e9f\u00e9rence. Tout au long de mon parcours universitaire et personnel, j'ai \u00e9galement d\u00e9velopp\u00e9 des comp\u00e9tences solides en <strong>anglais.<\/strong><\/span><\/p><p><span class=\"s1\">Ce parcours m'a donn\u00e9 une identit\u00e9 bilingue int\u00e9gr\u00e9e et une sensibilit\u00e9 particuli\u00e8re aux <strong>contextes multilingues<\/strong>. Je suis tout \u00e0 fait \u00e0 l'aise pour accompagner des personnes en espagnol et en fran\u00e7ais, et je peux \u00e9galement effectuer des interventions en anglais, en fonction des besoins du patient.<\/span><\/p><p><span class=\"s1\">Cette comp\u00e9tence me permet d'accompagner :<\/span><\/p><ul><li><p class=\"p1\"><span class=\"s1\">Les enfants <strong>bilingues<\/strong> scolaris\u00e9s dans un contexte international<\/span><\/p><\/li><li><p class=\"p1\"><span class=\"s1\">Les <strong>adultes expatri\u00e9s<\/strong> qui souhaitent \u00eatre accompagn\u00e9s dans leur langue maternelle<\/span><\/p><\/li><li><p class=\"p1\"><span class=\"s1\"><strong>Les familles multilingues<\/strong> \u00e0 la recherche d'une orientation adapt\u00e9e \u00e0 leur r\u00e9alit\u00e9 linguistique et culturelle<\/span><\/p><\/li><\/ul><p><span class=\"s1\">Cette approche interculturelle enrichit non seulement la relation th\u00e9rapeutique, mais me permet \u00e9galement d'\u00e9tablir des ponts entre les diff\u00e9rents mondes du patient, en valorisant son bagage linguistique comme une v\u00e9ritable force.<\/span><\/p>\t\t\t\t\t\t\t\t<\/div>\n\t\t\t\t<\/div>\n\t\t\t\t<\/div>\n\t\t<div id=\"e-n-tab-content-904428513\" role=\"tabpanel\" aria-labelledby=\"e-n-tab-title-904428513\" data-tab-index=\"3\" style=\"--n-tabs-title-order: 3;\" class=\" elementor-element elementor-element-5e2e415 e-flex e-con-boxed e-con e-child\" data-id=\"5e2e415\" data-element_type=\"container\" data-e-type=\"container\">\n\t\t\t\t\t<div class=\"e-con-inner\">\n\t\t\t\t<div class=\"elementor-element elementor-element-782613d elementor-widget elementor-widget-text-editor\" data-id=\"782613d\" data-element_type=\"widget\" data-e-type=\"widget\" data-widget_type=\"text-editor.default\">\n\t\t\t\t<div class=\"elementor-widget-container\">\n\t\t\t\t\t\t\t\t\t<p>Ma fa\u00e7on de travailler est profond\u00e9ment ancr\u00e9e dans trois qualit\u00e9s qui ont guid\u00e9 chaque \u00e9tape de mon parcours :<\/p><ul><li><p><em>Passion\u00e9e par ma profession<\/em><br><br><span class=\"s1\">J'ai d\u00e9couvert tr\u00e8s jeune que l'orthophonie\/la logop\u00e9die \u00e9tait la voie que je voulais suivre. Cette conviction pr\u00e9coce m'a pouss\u00e9e \u00e0 aller de l'avant avec d\u00e9termination, et avec une motivation constante pour continuer \u00e0 apprendre et \u00e0 accompagner.<\/span><\/p><\/li><\/ul><ul><li><p><em>\u00c9coute empathique<\/em><br><br><span class=\"s1\">Dans chaque s\u00e9ance, je m'efforce d'offrir un espace o\u00f9 l'\u00e9coute, le respect et la pr\u00e9sence sont prioritaires. Mon approche est bas\u00e9e sur une  <\/span><span class=\"s2\">grande sensibilit\u00e9, empathie et respect pour les autres. <\/span><span class=\"s1\">Des qualit\u00e9s que je consid\u00e8re comme essentielles dans une profession ax\u00e9e sur le bien-\u00eatre des autres.<\/span><\/p><\/li><li><p><em>Capacit\u00e9 d'adaptation et sensibilit\u00e9 multiculturelle<\/em><br><br>Gr\u00e2ce \u00e0 mon parcours international et multilingue, j'adapte les outils th\u00e9rapeutiques non seulement au profil clinique, mais aussi \u00e0 la r\u00e9alit\u00e9 culturelle et \u00e9motionnelle de chaque patient. Cette capacit\u00e9 me permet de concevoir des interventions v\u00e9ritablement personnalis\u00e9es, efficaces et durables.<\/p><\/li><\/ul><p>Mon cabinet est un lieu o\u00f9 coexistent la science, l'humanit\u00e9 et la cr\u00e9ativit\u00e9. Mon approche de l'orthophonie\/la logop\u00e9die se base sur une approche holistique de la personne.<\/p>\t\t\t\t\t\t\t\t<\/div>\n\t\t\t\t<\/div>\n\t\t\t\t\t<\/div>\n\t\t\t\t<\/div>\n\t\t\t\t\t<\/div>\n\t\t<\/div>\n\t\t\t\t\t\t<\/div>\n\t\t\t\t<\/div>\n\t\t\t\t<\/div>\n\t\t\t\t\t<\/div>\n\t\t\t\t<\/div>\n\t\t<div class=\"elementor-element elementor-element-fd2201d e-flex e-con-boxed e-con e-parent\" data-id=\"fd2201d\" data-element_type=\"container\" data-e-type=\"container\" data-settings=\"{&quot;background_background&quot;:&quot;classic&quot;}\">\n\t\t\t\t\t<div class=\"e-con-inner\">\n\t\t\t\t<div class=\"elementor-element elementor-element-e0d0583 elementor-widget elementor-widget-heading\" data-id=\"e0d0583\" data-element_type=\"widget\" data-e-type=\"widget\" data-widget_type=\"heading.default\">\n\t\t\t\t<div class=\"elementor-widget-container\">\n\t\t\t\t\t<h2 class=\"elementor-heading-title elementor-size-default\">Avez-vous des questions ?<\/h2>\t\t\t\t<\/div>\n\t\t\t\t<\/div>\n\t\t\t\t<div class=\"elementor-element elementor-element-c546201 elementor-widget elementor-widget-button\" data-id=\"c546201\" data-element_type=\"widget\" data-e-type=\"widget\" data-widget_type=\"button.default\">\n\t\t\t\t<div class=\"elementor-widget-container\">\n\t\t\t\t\t\t\t\t\t<div class=\"elementor-button-wrapper\">\n\t\t\t\t\t<a class=\"elementor-button elementor-button-link elementor-size-sm elementor-animation-grow\" href=\"https:\/\/wa.me\/34623602990\">\n\t\t\t\t\t\t<span class=\"elementor-button-content-wrapper\">\n\t\t\t\t\t\t\t\t\t<span class=\"elementor-button-text\">Cliquez ici<\/span>\n\t\t\t\t\t<\/span>\n\t\t\t\t\t<\/a>\n\t\t\t\t<\/div>\n\t\t\t\t\t\t\t\t<\/div>\n\t\t\t\t<\/div>\n\t\t\t\t\t<\/div>\n\t\t\t\t<\/div>\n\t\t\t\t<\/div>\n\t\t","protected":false},"excerpt":{"rendered":"<p>Apprenez \u00e0 me conna\u00eetre Un parcours acad\u00e9mique et professionnel solide Un cheminement multiculturel Une approche unique En Belgique : formation universitaire et pratique clinique intensive J'ai suivi ma formation d'orthophoniste\/logop\u00e8de \u00e0 Bruxelles, en commen\u00e7ant par un bachelier de trois ans \u00e0 l'Institut Libre Marie Haps, une \u00e9cole r\u00e9put\u00e9e pour la qualit\u00e9 de son enseignement, et [&hellip;]<\/p>\n","protected":false},"author":1,"featured_media":0,"parent":0,"menu_order":0,"comment_status":"closed","ping_status":"closed","template":"","meta":{"footnotes":""},"class_list":["post-1447","page","type-page","status-publish","hentry"],"yoast_head":"<!-- This site is optimized with the Yoast SEO plugin v27.0 - https:\/\/yoast.com\/product\/yoast-seo-wordpress\/ -->\n<title>A propos de moi | Laura Benitez | Orthophoniste \u00e0 Malaga<\/title>\n<meta name=\"description\" content=\"Orthophoniste \u00e0 Malaga, je propose des s\u00e9ances en ligne et en pr\u00e9sentiel en espagnol, fran\u00e7ais et anglais. D\u00e9couvrez mon parcours.\" \/>\n<meta name=\"robots\" content=\"index, follow, max-snippet:-1, max-image-preview:large, max-video-preview:-1\" \/>\n<link rel=\"canonical\" href=\"https:\/\/lauralogo.com\/fr\/a-propos-de-moi\/\" \/>\n<meta property=\"og:locale\" content=\"fr_FR\" \/>\n<meta property=\"og:type\" content=\"article\" \/>\n<meta property=\"og:title\" content=\"A propos de moi | Laura Benitez | Orthophoniste \u00e0 Malaga\" \/>\n<meta property=\"og:description\" content=\"Orthophoniste \u00e0 Malaga, je propose des s\u00e9ances en ligne et en pr\u00e9sentiel en espagnol, fran\u00e7ais et anglais. D\u00e9couvrez mon parcours.\" \/>\n<meta property=\"og:url\" content=\"https:\/\/lauralogo.com\/fr\/a-propos-de-moi\/\" \/>\n<meta property=\"og:site_name\" content=\"Lauralogo\" \/>\n<meta property=\"article:modified_time\" content=\"2026-02-09T15:16:24+00:00\" \/>\n<meta name=\"twitter:card\" content=\"summary_large_image\" \/>\n<meta name=\"twitter:label1\" content=\"Dur\u00e9e de lecture estim\u00e9e\" \/>\n\t<meta name=\"twitter:data1\" content=\"8 minutes\" \/>\n<script type=\"application\/ld+json\" class=\"yoast-schema-graph\">{\"@context\":\"https:\/\/schema.org\",\"@graph\":[{\"@type\":\"WebPage\",\"@id\":\"https:\/\/lauralogo.com\/fr\/a-propos-de-moi\/\",\"url\":\"https:\/\/lauralogo.com\/fr\/a-propos-de-moi\/\",\"name\":\"A propos de moi | Laura Benitez | Orthophoniste \u00e0 Malaga\",\"isPartOf\":{\"@id\":\"https:\/\/lauralogo.com\/fr\/#website\"},\"datePublished\":\"2025-06-17T12:08:05+00:00\",\"dateModified\":\"2026-02-09T15:16:24+00:00\",\"description\":\"Orthophoniste \u00e0 Malaga, je propose des s\u00e9ances en ligne et en pr\u00e9sentiel en espagnol, fran\u00e7ais et anglais. D\u00e9couvrez mon parcours.\",\"breadcrumb\":{\"@id\":\"https:\/\/lauralogo.com\/fr\/a-propos-de-moi\/#breadcrumb\"},\"inLanguage\":\"fr-FR\",\"potentialAction\":[{\"@type\":\"ReadAction\",\"target\":[\"https:\/\/lauralogo.com\/fr\/a-propos-de-moi\/\"]}]},{\"@type\":\"BreadcrumbList\",\"@id\":\"https:\/\/lauralogo.com\/fr\/a-propos-de-moi\/#breadcrumb\",\"itemListElement\":[{\"@type\":\"ListItem\",\"position\":1,\"name\":\"Portada\",\"item\":\"https:\/\/lauralogo.com\/fr\/\"},{\"@type\":\"ListItem\",\"position\":2,\"name\":\"A propos de moi\"}]},{\"@type\":\"WebSite\",\"@id\":\"https:\/\/lauralogo.com\/fr\/#website\",\"url\":\"https:\/\/lauralogo.com\/fr\/\",\"name\":\"Lauralogo\",\"description\":\"Laura Benitez - Logopeda\",\"publisher\":{\"@id\":\"https:\/\/lauralogo.com\/fr\/#\/schema\/person\/f170a007106d64af0135fc1ddef8ae62\"},\"potentialAction\":[{\"@type\":\"SearchAction\",\"target\":{\"@type\":\"EntryPoint\",\"urlTemplate\":\"https:\/\/lauralogo.com\/fr\/?s={search_term_string}\"},\"query-input\":{\"@type\":\"PropertyValueSpecification\",\"valueRequired\":true,\"valueName\":\"search_term_string\"}}],\"inLanguage\":\"fr-FR\"},{\"@type\":[\"Person\",\"Organization\"],\"@id\":\"https:\/\/lauralogo.com\/fr\/#\/schema\/person\/f170a007106d64af0135fc1ddef8ae62\",\"name\":\"Laura\",\"image\":{\"@type\":\"ImageObject\",\"inLanguage\":\"fr-FR\",\"@id\":\"https:\/\/lauralogo.com\/fr\/#\/schema\/person\/image\/\",\"url\":\"https:\/\/lauralogo.com\/wp-content\/uploads\/2025\/09\/cropped-LOGO.png\",\"contentUrl\":\"https:\/\/lauralogo.com\/wp-content\/uploads\/2025\/09\/cropped-LOGO.png\",\"width\":1267,\"height\":596,\"caption\":\"Laura\"},\"logo\":{\"@id\":\"https:\/\/lauralogo.com\/fr\/#\/schema\/person\/image\/\"},\"sameAs\":[\"https:\/\/lauralogo.com\"]}]}<\/script>\n<!-- \/ Yoast SEO plugin. -->","yoast_head_json":{"title":"A propos de moi | Laura Benitez | Orthophoniste \u00e0 Malaga","description":"Orthophoniste \u00e0 Malaga, je propose des s\u00e9ances en ligne et en pr\u00e9sentiel en espagnol, fran\u00e7ais et anglais. D\u00e9couvrez mon parcours.","robots":{"index":"index","follow":"follow","max-snippet":"max-snippet:-1","max-image-preview":"max-image-preview:large","max-video-preview":"max-video-preview:-1"},"canonical":"https:\/\/lauralogo.com\/fr\/a-propos-de-moi\/","og_locale":"fr_FR","og_type":"article","og_title":"A propos de moi | Laura Benitez | Orthophoniste \u00e0 Malaga","og_description":"Orthophoniste \u00e0 Malaga, je propose des s\u00e9ances en ligne et en pr\u00e9sentiel en espagnol, fran\u00e7ais et anglais. D\u00e9couvrez mon parcours.","og_url":"https:\/\/lauralogo.com\/fr\/a-propos-de-moi\/","og_site_name":"Lauralogo","article_modified_time":"2026-02-09T15:16:24+00:00","twitter_card":"summary_large_image","twitter_misc":{"Dur\u00e9e de lecture estim\u00e9e":"8 minutes"},"schema":{"@context":"https:\/\/schema.org","@graph":[{"@type":"WebPage","@id":"https:\/\/lauralogo.com\/fr\/a-propos-de-moi\/","url":"https:\/\/lauralogo.com\/fr\/a-propos-de-moi\/","name":"A propos de moi | Laura Benitez | Orthophoniste \u00e0 Malaga","isPartOf":{"@id":"https:\/\/lauralogo.com\/fr\/#website"},"datePublished":"2025-06-17T12:08:05+00:00","dateModified":"2026-02-09T15:16:24+00:00","description":"Orthophoniste \u00e0 Malaga, je propose des s\u00e9ances en ligne et en pr\u00e9sentiel en espagnol, fran\u00e7ais et anglais. D\u00e9couvrez mon parcours.","breadcrumb":{"@id":"https:\/\/lauralogo.com\/fr\/a-propos-de-moi\/#breadcrumb"},"inLanguage":"fr-FR","potentialAction":[{"@type":"ReadAction","target":["https:\/\/lauralogo.com\/fr\/a-propos-de-moi\/"]}]},{"@type":"BreadcrumbList","@id":"https:\/\/lauralogo.com\/fr\/a-propos-de-moi\/#breadcrumb","itemListElement":[{"@type":"ListItem","position":1,"name":"Portada","item":"https:\/\/lauralogo.com\/fr\/"},{"@type":"ListItem","position":2,"name":"A propos de moi"}]},{"@type":"WebSite","@id":"https:\/\/lauralogo.com\/fr\/#website","url":"https:\/\/lauralogo.com\/fr\/","name":"Lauralogo","description":"Laura Benitez - Logopeda","publisher":{"@id":"https:\/\/lauralogo.com\/fr\/#\/schema\/person\/f170a007106d64af0135fc1ddef8ae62"},"potentialAction":[{"@type":"SearchAction","target":{"@type":"EntryPoint","urlTemplate":"https:\/\/lauralogo.com\/fr\/?s={search_term_string}"},"query-input":{"@type":"PropertyValueSpecification","valueRequired":true,"valueName":"search_term_string"}}],"inLanguage":"fr-FR"},{"@type":["Person","Organization"],"@id":"https:\/\/lauralogo.com\/fr\/#\/schema\/person\/f170a007106d64af0135fc1ddef8ae62","name":"Laura","image":{"@type":"ImageObject","inLanguage":"fr-FR","@id":"https:\/\/lauralogo.com\/fr\/#\/schema\/person\/image\/","url":"https:\/\/lauralogo.com\/wp-content\/uploads\/2025\/09\/cropped-LOGO.png","contentUrl":"https:\/\/lauralogo.com\/wp-content\/uploads\/2025\/09\/cropped-LOGO.png","width":1267,"height":596,"caption":"Laura"},"logo":{"@id":"https:\/\/lauralogo.com\/fr\/#\/schema\/person\/image\/"},"sameAs":["https:\/\/lauralogo.com"]}]}},"_links":{"self":[{"href":"https:\/\/lauralogo.com\/fr\/wp-json\/wp\/v2\/pages\/1447","targetHints":{"allow":["GET"]}}],"collection":[{"href":"https:\/\/lauralogo.com\/fr\/wp-json\/wp\/v2\/pages"}],"about":[{"href":"https:\/\/lauralogo.com\/fr\/wp-json\/wp\/v2\/types\/page"}],"author":[{"embeddable":true,"href":"https:\/\/lauralogo.com\/fr\/wp-json\/wp\/v2\/users\/1"}],"replies":[{"embeddable":true,"href":"https:\/\/lauralogo.com\/fr\/wp-json\/wp\/v2\/comments?post=1447"}],"version-history":[{"count":14,"href":"https:\/\/lauralogo.com\/fr\/wp-json\/wp\/v2\/pages\/1447\/revisions"}],"predecessor-version":[{"id":2189,"href":"https:\/\/lauralogo.com\/fr\/wp-json\/wp\/v2\/pages\/1447\/revisions\/2189"}],"wp:attachment":[{"href":"https:\/\/lauralogo.com\/fr\/wp-json\/wp\/v2\/media?parent=1447"}],"curies":[{"name":"wp","href":"https:\/\/api.w.org\/{rel}","templated":true}]}}