{"id":1549,"date":"2025-08-13T13:58:04","date_gmt":"2025-08-13T13:58:04","guid":{"rendered":"https:\/\/lauralogo.com\/mentions-legales\/"},"modified":"2026-02-09T15:57:18","modified_gmt":"2026-02-09T15:57:18","slug":"mentions-legales","status":"publish","type":"page","link":"https:\/\/lauralogo.com\/fr\/mentions-legales\/","title":{"rendered":"Mentions l\u00e9gales"},"content":{"rendered":"\t\t<div data-elementor-type=\"wp-page\" data-elementor-id=\"1549\" class=\"elementor elementor-1549 elementor-1503\">\n\t\t\t\t<div class=\"elementor-element elementor-element-9670aa8 e-flex e-con-boxed e-con e-parent\" data-id=\"9670aa8\" data-element_type=\"container\" data-e-type=\"container\" data-settings=\"{&quot;background_background&quot;:&quot;classic&quot;}\">\n\t\t\t\t\t<div class=\"e-con-inner\">\n\t\t\t\t<div class=\"elementor-element elementor-element-37b5f9d elementor-widget elementor-widget-heading\" data-id=\"37b5f9d\" data-element_type=\"widget\" data-e-type=\"widget\" data-widget_type=\"heading.default\">\n\t\t\t\t<div class=\"elementor-widget-container\">\n\t\t\t\t\t<h2 class=\"elementor-heading-title elementor-size-default\">Mentions l\u00e9gales<\/h2>\t\t\t\t<\/div>\n\t\t\t\t<\/div>\n\t\t\t\t\t<\/div>\n\t\t\t\t<\/div>\n\t\t<div class=\"elementor-element elementor-element-8c8dbcf e-flex e-con-boxed e-con e-parent\" data-id=\"8c8dbcf\" data-element_type=\"container\" data-e-type=\"container\" data-settings=\"{&quot;background_background&quot;:&quot;classic&quot;}\">\n\t\t\t\t\t<div class=\"e-con-inner\">\n\t\t\t\t<div class=\"elementor-element elementor-element-b6c3534 elementor-widget elementor-widget-text-editor\" data-id=\"b6c3534\" data-element_type=\"widget\" data-e-type=\"widget\" data-widget_type=\"text-editor.default\">\n\t\t\t\t<div class=\"elementor-widget-container\">\n\t\t\t\t\t\t\t\t\t<p class=\"p1\"><span class=\"s1\"><strong>Propri\u00e9taire du site<\/strong>:<\/span><span class=\"s2\"> Laura Benitez<\/span><\/p><p class=\"p1\"><span class=\"s1\"><strong>Activit\u00e9 professionnelle<\/strong>:<\/span><span class=\"s2\"> Orthophoniste\/logop\u00e8de agr\u00e9\u00e9e<\/span><\/p><p class=\"p1\"><span class=\"s1\"><strong>Adresse professionnelle<\/strong>:<\/span><span class=\"s2\"> Camino Pe\u00f1a Blanquilla, 27, 29650, Mijas<\/span><\/p><p class=\"p1\"><span class=\"s1\"><strong>E-mail<\/strong>:<\/span><span class=\"s2\"> contact@lauralogo.com<\/span><\/p><p class=\"p1\"><span class=\"s1\"><strong>T\u00e9l\u00e9phone<\/strong>:<\/span><span class=\"s2\"> +34 623 60 29 90<\/span><\/p>\t\t\t\t\t\t\t\t<\/div>\n\t\t\t\t<\/div>\n\t\t\t\t\t<\/div>\n\t\t\t\t<\/div>\n\t\t<div class=\"elementor-element elementor-element-ecf4338 e-flex e-con-boxed e-con e-parent\" data-id=\"ecf4338\" data-element_type=\"container\" data-e-type=\"container\" data-settings=\"{&quot;background_background&quot;:&quot;classic&quot;}\">\n\t\t\t\t\t<div class=\"e-con-inner\">\n\t\t\t\t<div class=\"elementor-element elementor-element-5899ba3 elementor-widget elementor-widget-heading\" data-id=\"5899ba3\" data-element_type=\"widget\" data-e-type=\"widget\" data-widget_type=\"heading.default\">\n\t\t\t\t<div class=\"elementor-widget-container\">\n\t\t\t\t\t<h2 class=\"elementor-heading-title elementor-size-default\">Propri\u00e9t\u00e9 intellectuelle<\/h2>\t\t\t\t<\/div>\n\t\t\t\t<\/div>\n\t\t\t\t<div class=\"elementor-element elementor-element-8197b4c elementor-widget elementor-widget-text-editor\" data-id=\"8197b4c\" data-element_type=\"widget\" data-e-type=\"widget\" data-widget_type=\"text-editor.default\">\n\t\t\t\t<div class=\"elementor-widget-container\">\n\t\t\t\t\t\t\t\t\t<p class=\"p1\"><span class=\"s1\">Tous les contenus de ce site web (textes, images, logo, etc.) sont la propri\u00e9t\u00e9 exclusive de Laura Benitez ou font l'objet d'une licence d'utilisation. Leur reproduction, distribution ou modification sans autorisation pr\u00e9alable est interdite. <\/span><\/p>\t\t\t\t\t\t\t\t<\/div>\n\t\t\t\t<\/div>\n\t\t\t\t\t<\/div>\n\t\t\t\t<\/div>\n\t\t<div class=\"elementor-element elementor-element-2a3c9ec e-flex e-con-boxed e-con e-parent\" data-id=\"2a3c9ec\" data-element_type=\"container\" data-e-type=\"container\" data-settings=\"{&quot;background_background&quot;:&quot;classic&quot;}\">\n\t\t\t\t\t<div class=\"e-con-inner\">\n\t\t\t\t<div class=\"elementor-element elementor-element-2807b1b elementor-widget elementor-widget-heading\" data-id=\"2807b1b\" data-element_type=\"widget\" data-e-type=\"widget\" data-widget_type=\"heading.default\">\n\t\t\t\t<div class=\"elementor-widget-container\">\n\t\t\t\t\t<h2 class=\"elementor-heading-title elementor-size-default\">Responsabilit\u00e9<\/h2>\t\t\t\t<\/div>\n\t\t\t\t<\/div>\n\t\t\t\t<div class=\"elementor-element elementor-element-b033256 elementor-widget elementor-widget-text-editor\" data-id=\"b033256\" data-element_type=\"widget\" data-e-type=\"widget\" data-widget_type=\"text-editor.default\">\n\t\t\t\t<div class=\"elementor-widget-container\">\n\t\t\t\t\t\t\t\t\t<p class=\"p1\"><span class=\"s1\">Ce site est destin\u00e9 \u00e0 fournir des informations g\u00e9n\u00e9rales sur les services d'orthophonie\/ de logop\u00e9die. Il ne constitue pas un conseil m\u00e9dical personnalis\u00e9. Laura Benitez n'est pas responsable de l'utilisation inappropri\u00e9e des informations publi\u00e9es.  <\/span><\/p>\t\t\t\t\t\t\t\t<\/div>\n\t\t\t\t<\/div>\n\t\t\t\t\t<\/div>\n\t\t\t\t<\/div>\n\t\t<div class=\"elementor-element elementor-element-7a9b97f e-flex e-con-boxed e-con e-parent\" data-id=\"7a9b97f\" data-element_type=\"container\" data-e-type=\"container\" data-settings=\"{&quot;background_background&quot;:&quot;classic&quot;}\">\n\t\t\t\t\t<div class=\"e-con-inner\">\n\t\t\t\t<div class=\"elementor-element elementor-element-cf2d017 elementor-widget elementor-widget-heading\" data-id=\"cf2d017\" data-element_type=\"widget\" data-e-type=\"widget\" data-widget_type=\"heading.default\">\n\t\t\t\t<div class=\"elementor-widget-container\">\n\t\t\t\t\t<h2 class=\"elementor-heading-title elementor-size-default\">Liens externes<\/h2>\t\t\t\t<\/div>\n\t\t\t\t<\/div>\n\t\t\t\t<div class=\"elementor-element elementor-element-42cd4be elementor-widget elementor-widget-text-editor\" data-id=\"42cd4be\" data-element_type=\"widget\" data-e-type=\"widget\" data-widget_type=\"text-editor.default\">\n\t\t\t\t<div class=\"elementor-widget-container\">\n\t\t\t\t\t\t\t\t\t<p class=\"p1\"><span class=\"s1\">Ce site peut inclure des liens vers des sites de tiers. Laura Benitez n'est pas responsable du contenu ou des politiques de ces sites. <\/span><\/p>\t\t\t\t\t\t\t\t<\/div>\n\t\t\t\t<\/div>\n\t\t\t\t\t<\/div>\n\t\t\t\t<\/div>\n\t\t\t\t<\/div>\n\t\t","protected":false},"excerpt":{"rendered":"<p>Mentions l\u00e9gales Propri\u00e9taire du site: Laura Benitez Activit\u00e9 professionnelle: Orthophoniste\/logop\u00e8de agr\u00e9\u00e9e Adresse professionnelle: Camino Pe\u00f1a Blanquilla, 27, 29650, Mijas E-mail: contact@lauralogo.com T\u00e9l\u00e9phone: +34 623 60 29 90 Propri\u00e9t\u00e9 intellectuelle Tous les contenus de ce site web (textes, images, logo, etc.) sont la propri\u00e9t\u00e9 exclusive de Laura Benitez ou font l'objet d'une licence d'utilisation. Leur reproduction, [&hellip;]<\/p>\n","protected":false},"author":1,"featured_media":0,"parent":0,"menu_order":0,"comment_status":"closed","ping_status":"closed","template":"","meta":{"footnotes":""},"class_list":["post-1549","page","type-page","status-publish","hentry"],"yoast_head":"<!-- This site is optimized with the Yoast SEO plugin v27.0 - https:\/\/yoast.com\/product\/yoast-seo-wordpress\/ -->\n<title>Mentions l\u00e9gales - Lauralogo<\/title>\n<meta name=\"robots\" content=\"noindex, follow\" \/>\n<meta property=\"og:locale\" content=\"fr_FR\" \/>\n<meta property=\"og:type\" content=\"article\" \/>\n<meta property=\"og:title\" content=\"Mentions l\u00e9gales - Lauralogo\" \/>\n<meta property=\"og:description\" content=\"Mentions l\u00e9gales Propri\u00e9taire du site: Laura Benitez Activit\u00e9 professionnelle: Orthophoniste\/logop\u00e8de agr\u00e9\u00e9e Adresse professionnelle: Camino Pe\u00f1a Blanquilla, 27, 29650, Mijas E-mail: contact@lauralogo.com T\u00e9l\u00e9phone: +34 623 60 29 90 Propri\u00e9t\u00e9 intellectuelle Tous les contenus de ce site web (textes, images, logo, etc.) sont la propri\u00e9t\u00e9 exclusive de Laura Benitez ou font l&#039;objet d&#039;une licence d&#039;utilisation. Leur reproduction, [&hellip;]\" \/>\n<meta property=\"og:url\" content=\"https:\/\/lauralogo.com\/fr\/mentions-legales\/\" \/>\n<meta property=\"og:site_name\" content=\"Lauralogo\" \/>\n<meta property=\"article:modified_time\" content=\"2026-02-09T15:57:18+00:00\" \/>\n<meta name=\"twitter:card\" content=\"summary_large_image\" \/>\n<meta name=\"twitter:label1\" content=\"Dur\u00e9e de lecture estim\u00e9e\" \/>\n\t<meta name=\"twitter:data1\" content=\"1 minute\" \/>\n<script type=\"application\/ld+json\" class=\"yoast-schema-graph\">{\"@context\":\"https:\/\/schema.org\",\"@graph\":[{\"@type\":\"WebPage\",\"@id\":\"https:\/\/lauralogo.com\/fr\/mentions-legales\/\",\"url\":\"https:\/\/lauralogo.com\/fr\/mentions-legales\/\",\"name\":\"Mentions l\u00e9gales - Lauralogo\",\"isPartOf\":{\"@id\":\"https:\/\/lauralogo.com\/fr\/#website\"},\"datePublished\":\"2025-08-13T13:58:04+00:00\",\"dateModified\":\"2026-02-09T15:57:18+00:00\",\"breadcrumb\":{\"@id\":\"https:\/\/lauralogo.com\/fr\/mentions-legales\/#breadcrumb\"},\"inLanguage\":\"fr-FR\",\"potentialAction\":[{\"@type\":\"ReadAction\",\"target\":[\"https:\/\/lauralogo.com\/fr\/mentions-legales\/\"]}]},{\"@type\":\"BreadcrumbList\",\"@id\":\"https:\/\/lauralogo.com\/fr\/mentions-legales\/#breadcrumb\",\"itemListElement\":[{\"@type\":\"ListItem\",\"position\":1,\"name\":\"Portada\",\"item\":\"https:\/\/lauralogo.com\/fr\/\"},{\"@type\":\"ListItem\",\"position\":2,\"name\":\"Mentions l\u00e9gales\"}]},{\"@type\":\"WebSite\",\"@id\":\"https:\/\/lauralogo.com\/fr\/#website\",\"url\":\"https:\/\/lauralogo.com\/fr\/\",\"name\":\"Lauralogo\",\"description\":\"Laura Benitez - Logopeda\",\"publisher\":{\"@id\":\"https:\/\/lauralogo.com\/fr\/#\/schema\/person\/f170a007106d64af0135fc1ddef8ae62\"},\"potentialAction\":[{\"@type\":\"SearchAction\",\"target\":{\"@type\":\"EntryPoint\",\"urlTemplate\":\"https:\/\/lauralogo.com\/fr\/?s={search_term_string}\"},\"query-input\":{\"@type\":\"PropertyValueSpecification\",\"valueRequired\":true,\"valueName\":\"search_term_string\"}}],\"inLanguage\":\"fr-FR\"},{\"@type\":[\"Person\",\"Organization\"],\"@id\":\"https:\/\/lauralogo.com\/fr\/#\/schema\/person\/f170a007106d64af0135fc1ddef8ae62\",\"name\":\"Laura\",\"image\":{\"@type\":\"ImageObject\",\"inLanguage\":\"fr-FR\",\"@id\":\"https:\/\/lauralogo.com\/fr\/#\/schema\/person\/image\/\",\"url\":\"https:\/\/lauralogo.com\/wp-content\/uploads\/2025\/09\/cropped-LOGO.png\",\"contentUrl\":\"https:\/\/lauralogo.com\/wp-content\/uploads\/2025\/09\/cropped-LOGO.png\",\"width\":1267,\"height\":596,\"caption\":\"Laura\"},\"logo\":{\"@id\":\"https:\/\/lauralogo.com\/fr\/#\/schema\/person\/image\/\"},\"sameAs\":[\"https:\/\/lauralogo.com\"]}]}<\/script>\n<!-- \/ Yoast SEO plugin. -->","yoast_head_json":{"title":"Mentions l\u00e9gales - Lauralogo","robots":{"index":"noindex","follow":"follow"},"og_locale":"fr_FR","og_type":"article","og_title":"Mentions l\u00e9gales - Lauralogo","og_description":"Mentions l\u00e9gales Propri\u00e9taire du site: Laura Benitez Activit\u00e9 professionnelle: Orthophoniste\/logop\u00e8de agr\u00e9\u00e9e Adresse professionnelle: Camino Pe\u00f1a Blanquilla, 27, 29650, Mijas E-mail: contact@lauralogo.com T\u00e9l\u00e9phone: +34 623 60 29 90 Propri\u00e9t\u00e9 intellectuelle Tous les contenus de ce site web (textes, images, logo, etc.) sont la propri\u00e9t\u00e9 exclusive de Laura Benitez ou font l'objet d'une licence d'utilisation. Leur reproduction, [&hellip;]","og_url":"https:\/\/lauralogo.com\/fr\/mentions-legales\/","og_site_name":"Lauralogo","article_modified_time":"2026-02-09T15:57:18+00:00","twitter_card":"summary_large_image","twitter_misc":{"Dur\u00e9e de lecture estim\u00e9e":"1 minute"},"schema":{"@context":"https:\/\/schema.org","@graph":[{"@type":"WebPage","@id":"https:\/\/lauralogo.com\/fr\/mentions-legales\/","url":"https:\/\/lauralogo.com\/fr\/mentions-legales\/","name":"Mentions l\u00e9gales - Lauralogo","isPartOf":{"@id":"https:\/\/lauralogo.com\/fr\/#website"},"datePublished":"2025-08-13T13:58:04+00:00","dateModified":"2026-02-09T15:57:18+00:00","breadcrumb":{"@id":"https:\/\/lauralogo.com\/fr\/mentions-legales\/#breadcrumb"},"inLanguage":"fr-FR","potentialAction":[{"@type":"ReadAction","target":["https:\/\/lauralogo.com\/fr\/mentions-legales\/"]}]},{"@type":"BreadcrumbList","@id":"https:\/\/lauralogo.com\/fr\/mentions-legales\/#breadcrumb","itemListElement":[{"@type":"ListItem","position":1,"name":"Portada","item":"https:\/\/lauralogo.com\/fr\/"},{"@type":"ListItem","position":2,"name":"Mentions l\u00e9gales"}]},{"@type":"WebSite","@id":"https:\/\/lauralogo.com\/fr\/#website","url":"https:\/\/lauralogo.com\/fr\/","name":"Lauralogo","description":"Laura Benitez - Logopeda","publisher":{"@id":"https:\/\/lauralogo.com\/fr\/#\/schema\/person\/f170a007106d64af0135fc1ddef8ae62"},"potentialAction":[{"@type":"SearchAction","target":{"@type":"EntryPoint","urlTemplate":"https:\/\/lauralogo.com\/fr\/?s={search_term_string}"},"query-input":{"@type":"PropertyValueSpecification","valueRequired":true,"valueName":"search_term_string"}}],"inLanguage":"fr-FR"},{"@type":["Person","Organization"],"@id":"https:\/\/lauralogo.com\/fr\/#\/schema\/person\/f170a007106d64af0135fc1ddef8ae62","name":"Laura","image":{"@type":"ImageObject","inLanguage":"fr-FR","@id":"https:\/\/lauralogo.com\/fr\/#\/schema\/person\/image\/","url":"https:\/\/lauralogo.com\/wp-content\/uploads\/2025\/09\/cropped-LOGO.png","contentUrl":"https:\/\/lauralogo.com\/wp-content\/uploads\/2025\/09\/cropped-LOGO.png","width":1267,"height":596,"caption":"Laura"},"logo":{"@id":"https:\/\/lauralogo.com\/fr\/#\/schema\/person\/image\/"},"sameAs":["https:\/\/lauralogo.com"]}]}},"_links":{"self":[{"href":"https:\/\/lauralogo.com\/fr\/wp-json\/wp\/v2\/pages\/1549","targetHints":{"allow":["GET"]}}],"collection":[{"href":"https:\/\/lauralogo.com\/fr\/wp-json\/wp\/v2\/pages"}],"about":[{"href":"https:\/\/lauralogo.com\/fr\/wp-json\/wp\/v2\/types\/page"}],"author":[{"embeddable":true,"href":"https:\/\/lauralogo.com\/fr\/wp-json\/wp\/v2\/users\/1"}],"replies":[{"embeddable":true,"href":"https:\/\/lauralogo.com\/fr\/wp-json\/wp\/v2\/comments?post=1549"}],"version-history":[{"count":3,"href":"https:\/\/lauralogo.com\/fr\/wp-json\/wp\/v2\/pages\/1549\/revisions"}],"predecessor-version":[{"id":2253,"href":"https:\/\/lauralogo.com\/fr\/wp-json\/wp\/v2\/pages\/1549\/revisions\/2253"}],"wp:attachment":[{"href":"https:\/\/lauralogo.com\/fr\/wp-json\/wp\/v2\/media?parent=1549"}],"curies":[{"name":"wp","href":"https:\/\/api.w.org\/{rel}","templated":true}]}}