{"id":1553,"date":"2025-08-13T14:42:46","date_gmt":"2025-08-13T14:42:46","guid":{"rendered":"https:\/\/lauralogo.com\/conditions-generales-de-service\/"},"modified":"2026-02-09T15:56:16","modified_gmt":"2026-02-09T15:56:16","slug":"conditions-generales-de-service","status":"publish","type":"page","link":"https:\/\/lauralogo.com\/fr\/conditions-generales-de-service\/","title":{"rendered":"Conditions g\u00e9n\u00e9rales de service"},"content":{"rendered":"\t\t<div data-elementor-type=\"wp-page\" data-elementor-id=\"1553\" class=\"elementor elementor-1553 elementor-1543\">\n\t\t\t\t<div class=\"elementor-element elementor-element-0f26891 e-flex e-con-boxed e-con e-parent\" data-id=\"0f26891\" data-element_type=\"container\" data-e-type=\"container\" data-settings=\"{&quot;background_background&quot;:&quot;classic&quot;}\">\n\t\t\t\t\t<div class=\"e-con-inner\">\n\t\t\t\t<div class=\"elementor-element elementor-element-9929bbf elementor-widget elementor-widget-heading\" data-id=\"9929bbf\" data-element_type=\"widget\" data-e-type=\"widget\" data-widget_type=\"heading.default\">\n\t\t\t\t<div class=\"elementor-widget-container\">\n\t\t\t\t\t<h2 class=\"elementor-heading-title elementor-size-default\">Conditions g\u00e9n\u00e9rales de service<\/h2>\t\t\t\t<\/div>\n\t\t\t\t<\/div>\n\t\t\t\t\t<\/div>\n\t\t\t\t<\/div>\n\t\t<div class=\"elementor-element elementor-element-5e4556d e-flex e-con-boxed e-con e-parent\" data-id=\"5e4556d\" data-element_type=\"container\" data-e-type=\"container\" data-settings=\"{&quot;background_background&quot;:&quot;classic&quot;}\">\n\t\t\t\t\t<div class=\"e-con-inner\">\n\t\t\t\t<div class=\"elementor-element elementor-element-57393b8 elementor-widget elementor-widget-heading\" data-id=\"57393b8\" data-element_type=\"widget\" data-e-type=\"widget\" data-widget_type=\"heading.default\">\n\t\t\t\t<div class=\"elementor-widget-container\">\n\t\t\t\t\t<h2 class=\"elementor-heading-title elementor-size-default\">1. Description du service<\/h2>\t\t\t\t<\/div>\n\t\t\t\t<\/div>\n\t\t\t\t<div class=\"elementor-element elementor-element-6165a7f elementor-widget elementor-widget-text-editor\" data-id=\"6165a7f\" data-element_type=\"widget\" data-e-type=\"widget\" data-widget_type=\"text-editor.default\">\n\t\t\t\t<div class=\"elementor-widget-container\">\n\t\t\t\t\t\t\t\t\t<p class=\"p2\"><span class=\"s1\">Les services d'orthophonie\/de logop\u00e9die propos\u00e9s par <\/span><span class=\"s2\">Laura Benitez<\/span><span class=\"s1\"> s'adressent aux enfants, aux adolescents et aux adultes, en anglais, en fran\u00e7ais et\/ou en espagnol. L'intervention est personnalis\u00e9e et adapt\u00e9e aux besoins de chaque personne, dans le but d'accompagner les difficult\u00e9s de communication, de langage, de parole, de voix, de d\u00e9glutition ou d'apprentissage.<\/span><\/p>\t\t\t\t\t\t\t\t<\/div>\n\t\t\t\t<\/div>\n\t\t\t\t\t<\/div>\n\t\t\t\t<\/div>\n\t\t<div class=\"elementor-element elementor-element-6405376 e-flex e-con-boxed e-con e-parent\" data-id=\"6405376\" data-element_type=\"container\" data-e-type=\"container\" data-settings=\"{&quot;background_background&quot;:&quot;classic&quot;}\">\n\t\t\t\t\t<div class=\"e-con-inner\">\n\t\t\t\t<div class=\"elementor-element elementor-element-1b6f97a elementor-widget elementor-widget-heading\" data-id=\"1b6f97a\" data-element_type=\"widget\" data-e-type=\"widget\" data-widget_type=\"heading.default\">\n\t\t\t\t<div class=\"elementor-widget-container\">\n\t\t\t\t\t<h2 class=\"elementor-heading-title elementor-size-default\">2. Modalit\u00e9 et dur\u00e9e<\/h2>\t\t\t\t<\/div>\n\t\t\t\t<\/div>\n\t\t\t\t<div class=\"elementor-element elementor-element-cf81a36 elementor-widget elementor-widget-text-editor\" data-id=\"cf81a36\" data-element_type=\"widget\" data-e-type=\"widget\" data-widget_type=\"text-editor.default\">\n\t\t\t\t<div class=\"elementor-widget-container\">\n\t\t\t\t\t\t\t\t\t<p class=\"p1\"><span class=\"s1\">Les s\u00e9ances peuvent \u00eatre :<\/span><\/p><ul><li><p class=\"p1\"><span class=\"s1\">En pr\u00e9sentiel, au cabinet situ\u00e9 \u00e0 Mijas (Malaga).<\/span><\/p><\/li><li><p class=\"p1\"><span class=\"s1\">En ligne, sur rendez-vous<\/span><\/p><\/li><li><p class=\"p1\"><span class=\"s1\">Au domicile, en fonction des disponibilit\u00e9s et de la localisation<\/span><\/p><\/li><\/ul><p class=\"p1\"><span class=\"s1\">Chaque s\u00e9ance a une dur\u00e9e fixe de <\/span><span class=\"s3\">30 ou 60 minutes <\/span><span class=\"s1\">en fonction des besoins et des objectifs fix\u00e9s.<\/span><\/p>\t\t\t\t\t\t\t\t<\/div>\n\t\t\t\t<\/div>\n\t\t\t\t\t<\/div>\n\t\t\t\t<\/div>\n\t\t<div class=\"elementor-element elementor-element-a596c0f e-flex e-con-boxed e-con e-parent\" data-id=\"a596c0f\" data-element_type=\"container\" data-e-type=\"container\" data-settings=\"{&quot;background_background&quot;:&quot;classic&quot;}\">\n\t\t\t\t\t<div class=\"e-con-inner\">\n\t\t\t\t<div class=\"elementor-element elementor-element-9eb12e2 elementor-widget elementor-widget-heading\" data-id=\"9eb12e2\" data-element_type=\"widget\" data-e-type=\"widget\" data-widget_type=\"heading.default\">\n\t\t\t\t<div class=\"elementor-widget-container\">\n\t\t\t\t\t<h2 class=\"elementor-heading-title elementor-size-default\">3. Tarifs<\/h2>\t\t\t\t<\/div>\n\t\t\t\t<\/div>\n\t\t\t\t<div class=\"elementor-element elementor-element-db6e1fc elementor-widget elementor-widget-text-editor\" data-id=\"db6e1fc\" data-element_type=\"widget\" data-e-type=\"widget\" data-widget_type=\"text-editor.default\">\n\t\t\t\t<div class=\"elementor-widget-container\">\n\t\t\t\t\t\t\t\t\t<p class=\"p1\"><span class=\"s1\">Les honoraires sont communiqu\u00e9s de mani\u00e8re personnelle et transparente d\u00e8s le premier contact, afin de garantir la clart\u00e9 et la confiance d\u00e8s le d\u00e9but de la relation th\u00e9rapeutique.<\/span><\/p><p class=\"p1\"><span class=\"s2\">Tarif par s\u00e9ance :<\/span><\/p><ul><li><p class=\"p1\">S\u00e9ance de 30 minutes en ligne : 25 \u20ac<\/p><\/li><li><p class=\"p1\">S\u00e9ance de 60 minutes en ligne : 50 \u20ac<\/p><\/li><li><p class=\"p1\">S\u00e9ance de 30 minutes au cabinet : 30 \u20ac<\/p><\/li><li><p class=\"p1\">S\u00e9ance de 60 minutes au cabinet : 60 \u20ac<\/p><\/li><\/ul><p class=\"p1\"><span class=\"s1\">Une premi\u00e8re s\u00e9ance d'information gratuite <\/span><span class=\"s1\">de 30 minutes en ligne est \u00e9galement propos\u00e9e. <\/span> <span class=\"s1\">Cette s\u00e9ance, sans engagement, permet d'\u00e9tablir un premier contact, comprendre les besoins de la personne concern\u00e9e et expliquer la d\u00e9marche de travail. Elle permet d'\u00e9valuer si l'accompagnement propos\u00e9 est adapt\u00e9 \u00e0 la situation particuli\u00e8re de chaque personne. <\/span><\/p>\t\t\t\t\t\t\t\t<\/div>\n\t\t\t\t<\/div>\n\t\t\t\t\t<\/div>\n\t\t\t\t<\/div>\n\t\t<div class=\"elementor-element elementor-element-dc5df60 e-flex e-con-boxed e-con e-parent\" data-id=\"dc5df60\" data-element_type=\"container\" data-e-type=\"container\" data-settings=\"{&quot;background_background&quot;:&quot;classic&quot;}\">\n\t\t\t\t\t<div class=\"e-con-inner\">\n\t\t\t\t<div class=\"elementor-element elementor-element-56afc4c elementor-widget elementor-widget-heading\" data-id=\"56afc4c\" data-element_type=\"widget\" data-e-type=\"widget\" data-widget_type=\"heading.default\">\n\t\t\t\t<div class=\"elementor-widget-container\">\n\t\t\t\t\t<h2 class=\"elementor-heading-title elementor-size-default\">4. Modalit\u00e9s de paiement<\/h2>\t\t\t\t<\/div>\n\t\t\t\t<\/div>\n\t\t\t\t<div class=\"elementor-element elementor-element-353af77 elementor-widget elementor-widget-text-editor\" data-id=\"353af77\" data-element_type=\"widget\" data-e-type=\"widget\" data-widget_type=\"text-editor.default\">\n\t\t\t\t<div class=\"elementor-widget-container\">\n\t\t\t\t\t\t\t\t\t<p class=\"p1\"><span class=\"s1\">Plusieurs modes de paiement sont accept\u00e9s :<\/span><\/p><ul><li><p class=\"p1\"><span class=\"s1\">Virement bancaire<\/span><\/p><\/li><li><p class=\"p1\"><span class=\"s1\">Esp\u00e8ces<\/span><\/p><\/li><li><p class=\"p1\"><span class=\"s1\">Paypal<\/span><\/p><\/li><li><p class=\"p1\"><span class=\"s1\">Revolut<\/span><\/p><\/li><\/ul>\t\t\t\t\t\t\t\t<\/div>\n\t\t\t\t<\/div>\n\t\t\t\t\t<\/div>\n\t\t\t\t<\/div>\n\t\t<div class=\"elementor-element elementor-element-a28fd4f e-flex e-con-boxed e-con e-parent\" data-id=\"a28fd4f\" data-element_type=\"container\" data-e-type=\"container\" data-settings=\"{&quot;background_background&quot;:&quot;classic&quot;}\">\n\t\t\t\t\t<div class=\"e-con-inner\">\n\t\t\t\t<div class=\"elementor-element elementor-element-0e5450a elementor-widget elementor-widget-heading\" data-id=\"0e5450a\" data-element_type=\"widget\" data-e-type=\"widget\" data-widget_type=\"heading.default\">\n\t\t\t\t<div class=\"elementor-widget-container\">\n\t\t\t\t\t<h2 class=\"elementor-heading-title elementor-size-default\">5. Politique d'annulation<\/h2>\t\t\t\t<\/div>\n\t\t\t\t<\/div>\n\t\t\t\t<div class=\"elementor-element elementor-element-2f0a8b0 elementor-widget elementor-widget-text-editor\" data-id=\"2f0a8b0\" data-element_type=\"widget\" data-e-type=\"widget\" data-widget_type=\"text-editor.default\">\n\t\t\t\t<div class=\"elementor-widget-container\">\n\t\t\t\t\t\t\t\t\t<p class=\"p1\"><span class=\"s1\">Les s\u00e9ances peuvent \u00eatre annul\u00e9es <\/span><span class=\"s2\">sans p\u00e9nalit\u00e9<\/span><span class=\"s1\"> au moins <\/span><span class=\"s2\">24 heures \u00e0 l'avance<\/span><span class=\"s1\">.<\/span><\/p><p class=\"p1\"><span class=\"s1\">Les annulations tardives ou les absences non justifi\u00e9es peuvent entra\u00eener une <\/span><span class=\"s2\">facturation partielle ou totale de la s\u00e9ance r\u00e9serv\u00e9e<\/span><span class=\"s1\">.<\/span><\/p>\t\t\t\t\t\t\t\t<\/div>\n\t\t\t\t<\/div>\n\t\t\t\t\t<\/div>\n\t\t\t\t<\/div>\n\t\t<div class=\"elementor-element elementor-element-fc901c2 e-flex e-con-boxed e-con e-parent\" data-id=\"fc901c2\" data-element_type=\"container\" data-e-type=\"container\" data-settings=\"{&quot;background_background&quot;:&quot;classic&quot;}\">\n\t\t\t\t\t<div class=\"e-con-inner\">\n\t\t\t\t<div class=\"elementor-element elementor-element-f8e3e82 elementor-widget elementor-widget-heading\" data-id=\"f8e3e82\" data-element_type=\"widget\" data-e-type=\"widget\" data-widget_type=\"heading.default\">\n\t\t\t\t<div class=\"elementor-widget-container\">\n\t\t\t\t\t<h2 class=\"elementor-heading-title elementor-size-default\">6. Confidentialit\u00e9 et traitement des donn\u00e9es<\/h2>\t\t\t\t<\/div>\n\t\t\t\t<\/div>\n\t\t\t\t<div class=\"elementor-element elementor-element-fade4bf elementor-widget elementor-widget-text-editor\" data-id=\"fade4bf\" data-element_type=\"widget\" data-e-type=\"widget\" data-widget_type=\"text-editor.default\">\n\t\t\t\t<div class=\"elementor-widget-container\">\n\t\t\t\t\t\t\t\t\t<p class=\"p1\"><span class=\"s1\">Toutes les informations partag\u00e9es dans le cadre de l'accompagnement seront trait\u00e9es de mani\u00e8re strictement confidentielle.<\/span><\/p><p class=\"p1\"><span class=\"s1\">Les r\u00e8gles du <\/span><span class=\"s2\">r\u00e8glement g\u00e9n\u00e9ral sur la protection des donn\u00e9es (RGPD) s'appliquent<\/span><span class=\"s1\">.<\/span><\/p><p class=\"p1\"><span class=\"s1\">Pour plus d'informations, veuillez consulter la <a href=\"https:\/\/lauralogo.com\/fr\/politique-de-confidentialite\/\">politique de confidentialit\u00e9<\/a>.<\/span><\/p>\t\t\t\t\t\t\t\t<\/div>\n\t\t\t\t<\/div>\n\t\t\t\t\t<\/div>\n\t\t\t\t<\/div>\n\t\t<div class=\"elementor-element elementor-element-b5c7544 e-flex e-con-boxed e-con e-parent\" data-id=\"b5c7544\" data-element_type=\"container\" data-e-type=\"container\" data-settings=\"{&quot;background_background&quot;:&quot;classic&quot;}\">\n\t\t\t\t\t<div class=\"e-con-inner\">\n\t\t\t\t<div class=\"elementor-element elementor-element-116fbab elementor-widget elementor-widget-heading\" data-id=\"116fbab\" data-element_type=\"widget\" data-e-type=\"widget\" data-widget_type=\"heading.default\">\n\t\t\t\t<div class=\"elementor-widget-container\">\n\t\t\t\t\t<h2 class=\"elementor-heading-title elementor-size-default\">7. Droits du patient<\/h2>\t\t\t\t<\/div>\n\t\t\t\t<\/div>\n\t\t\t\t<div class=\"elementor-element elementor-element-be85003 elementor-widget elementor-widget-text-editor\" data-id=\"be85003\" data-element_type=\"widget\" data-e-type=\"widget\" data-widget_type=\"text-editor.default\">\n\t\t\t\t<div class=\"elementor-widget-container\">\n\t\t\t\t\t\t\t\t\t<p class=\"p1\">Le patient (ou son repr\u00e9sentant l\u00e9gal) a le droit d'acc\u00e9der \u00e0 ses informations, de les modifier ou d'y mettre fin \u00e0 tout moment.<\/p><p class=\"p1\">Aucun r\u00e9sultat th\u00e9rapeutique sp\u00e9cifique n'est garanti, car chaque processus d\u00e9pend de multiples facteurs individuels et contextuels.<\/p>\t\t\t\t\t\t\t\t<\/div>\n\t\t\t\t<\/div>\n\t\t\t\t\t<\/div>\n\t\t\t\t<\/div>\n\t\t\t\t<\/div>\n\t\t","protected":false},"excerpt":{"rendered":"<p>Conditions g\u00e9n\u00e9rales de service 1. Description du service Les services d'orthophonie\/de logop\u00e9die propos\u00e9s par Laura Benitez s'adressent aux enfants, aux adolescents et aux adultes, en anglais, en fran\u00e7ais et\/ou en espagnol. L'intervention est personnalis\u00e9e et adapt\u00e9e aux besoins de chaque personne, dans le but d'accompagner les difficult\u00e9s de communication, de langage, de parole, de voix, [&hellip;]<\/p>\n","protected":false},"author":1,"featured_media":0,"parent":0,"menu_order":0,"comment_status":"closed","ping_status":"closed","template":"","meta":{"footnotes":""},"class_list":["post-1553","page","type-page","status-publish","hentry"],"yoast_head":"<!-- This site is optimized with the Yoast SEO plugin v27.0 - https:\/\/yoast.com\/product\/yoast-seo-wordpress\/ -->\n<title>Conditions g\u00e9n\u00e9rales de service - Lauralogo<\/title>\n<meta name=\"robots\" content=\"noindex, follow\" \/>\n<meta property=\"og:locale\" content=\"fr_FR\" \/>\n<meta property=\"og:type\" content=\"article\" \/>\n<meta property=\"og:title\" content=\"Conditions g\u00e9n\u00e9rales de service - Lauralogo\" \/>\n<meta property=\"og:description\" content=\"Conditions g\u00e9n\u00e9rales de service 1. Description du service Les services d&#039;orthophonie\/de logop\u00e9die propos\u00e9s par Laura Benitez s&#039;adressent aux enfants, aux adolescents et aux adultes, en anglais, en fran\u00e7ais et\/ou en espagnol. L&#039;intervention est personnalis\u00e9e et adapt\u00e9e aux besoins de chaque personne, dans le but d&#039;accompagner les difficult\u00e9s de communication, de langage, de parole, de voix, [&hellip;]\" \/>\n<meta property=\"og:url\" content=\"https:\/\/lauralogo.com\/fr\/conditions-generales-de-service\/\" \/>\n<meta property=\"og:site_name\" content=\"Lauralogo\" \/>\n<meta property=\"article:modified_time\" content=\"2026-02-09T15:56:16+00:00\" \/>\n<meta name=\"twitter:card\" content=\"summary_large_image\" \/>\n<meta name=\"twitter:label1\" content=\"Dur\u00e9e de lecture estim\u00e9e\" \/>\n\t<meta name=\"twitter:data1\" content=\"2 minutes\" \/>\n<script type=\"application\/ld+json\" class=\"yoast-schema-graph\">{\"@context\":\"https:\/\/schema.org\",\"@graph\":[{\"@type\":\"WebPage\",\"@id\":\"https:\/\/lauralogo.com\/fr\/conditions-generales-de-service\/\",\"url\":\"https:\/\/lauralogo.com\/fr\/conditions-generales-de-service\/\",\"name\":\"Conditions g\u00e9n\u00e9rales de service - Lauralogo\",\"isPartOf\":{\"@id\":\"https:\/\/lauralogo.com\/fr\/#website\"},\"datePublished\":\"2025-08-13T14:42:46+00:00\",\"dateModified\":\"2026-02-09T15:56:16+00:00\",\"breadcrumb\":{\"@id\":\"https:\/\/lauralogo.com\/fr\/conditions-generales-de-service\/#breadcrumb\"},\"inLanguage\":\"fr-FR\",\"potentialAction\":[{\"@type\":\"ReadAction\",\"target\":[\"https:\/\/lauralogo.com\/fr\/conditions-generales-de-service\/\"]}]},{\"@type\":\"BreadcrumbList\",\"@id\":\"https:\/\/lauralogo.com\/fr\/conditions-generales-de-service\/#breadcrumb\",\"itemListElement\":[{\"@type\":\"ListItem\",\"position\":1,\"name\":\"Portada\",\"item\":\"https:\/\/lauralogo.com\/fr\/\"},{\"@type\":\"ListItem\",\"position\":2,\"name\":\"Conditions g\u00e9n\u00e9rales de service\"}]},{\"@type\":\"WebSite\",\"@id\":\"https:\/\/lauralogo.com\/fr\/#website\",\"url\":\"https:\/\/lauralogo.com\/fr\/\",\"name\":\"Lauralogo\",\"description\":\"Laura Benitez - Logopeda\",\"publisher\":{\"@id\":\"https:\/\/lauralogo.com\/fr\/#\/schema\/person\/f170a007106d64af0135fc1ddef8ae62\"},\"potentialAction\":[{\"@type\":\"SearchAction\",\"target\":{\"@type\":\"EntryPoint\",\"urlTemplate\":\"https:\/\/lauralogo.com\/fr\/?s={search_term_string}\"},\"query-input\":{\"@type\":\"PropertyValueSpecification\",\"valueRequired\":true,\"valueName\":\"search_term_string\"}}],\"inLanguage\":\"fr-FR\"},{\"@type\":[\"Person\",\"Organization\"],\"@id\":\"https:\/\/lauralogo.com\/fr\/#\/schema\/person\/f170a007106d64af0135fc1ddef8ae62\",\"name\":\"Laura\",\"image\":{\"@type\":\"ImageObject\",\"inLanguage\":\"fr-FR\",\"@id\":\"https:\/\/lauralogo.com\/fr\/#\/schema\/person\/image\/\",\"url\":\"https:\/\/lauralogo.com\/wp-content\/uploads\/2025\/09\/cropped-LOGO.png\",\"contentUrl\":\"https:\/\/lauralogo.com\/wp-content\/uploads\/2025\/09\/cropped-LOGO.png\",\"width\":1267,\"height\":596,\"caption\":\"Laura\"},\"logo\":{\"@id\":\"https:\/\/lauralogo.com\/fr\/#\/schema\/person\/image\/\"},\"sameAs\":[\"https:\/\/lauralogo.com\"]}]}<\/script>\n<!-- \/ Yoast SEO plugin. -->","yoast_head_json":{"title":"Conditions g\u00e9n\u00e9rales de service - Lauralogo","robots":{"index":"noindex","follow":"follow"},"og_locale":"fr_FR","og_type":"article","og_title":"Conditions g\u00e9n\u00e9rales de service - Lauralogo","og_description":"Conditions g\u00e9n\u00e9rales de service 1. Description du service Les services d'orthophonie\/de logop\u00e9die propos\u00e9s par Laura Benitez s'adressent aux enfants, aux adolescents et aux adultes, en anglais, en fran\u00e7ais et\/ou en espagnol. L'intervention est personnalis\u00e9e et adapt\u00e9e aux besoins de chaque personne, dans le but d'accompagner les difficult\u00e9s de communication, de langage, de parole, de voix, [&hellip;]","og_url":"https:\/\/lauralogo.com\/fr\/conditions-generales-de-service\/","og_site_name":"Lauralogo","article_modified_time":"2026-02-09T15:56:16+00:00","twitter_card":"summary_large_image","twitter_misc":{"Dur\u00e9e de lecture estim\u00e9e":"2 minutes"},"schema":{"@context":"https:\/\/schema.org","@graph":[{"@type":"WebPage","@id":"https:\/\/lauralogo.com\/fr\/conditions-generales-de-service\/","url":"https:\/\/lauralogo.com\/fr\/conditions-generales-de-service\/","name":"Conditions g\u00e9n\u00e9rales de service - Lauralogo","isPartOf":{"@id":"https:\/\/lauralogo.com\/fr\/#website"},"datePublished":"2025-08-13T14:42:46+00:00","dateModified":"2026-02-09T15:56:16+00:00","breadcrumb":{"@id":"https:\/\/lauralogo.com\/fr\/conditions-generales-de-service\/#breadcrumb"},"inLanguage":"fr-FR","potentialAction":[{"@type":"ReadAction","target":["https:\/\/lauralogo.com\/fr\/conditions-generales-de-service\/"]}]},{"@type":"BreadcrumbList","@id":"https:\/\/lauralogo.com\/fr\/conditions-generales-de-service\/#breadcrumb","itemListElement":[{"@type":"ListItem","position":1,"name":"Portada","item":"https:\/\/lauralogo.com\/fr\/"},{"@type":"ListItem","position":2,"name":"Conditions g\u00e9n\u00e9rales de service"}]},{"@type":"WebSite","@id":"https:\/\/lauralogo.com\/fr\/#website","url":"https:\/\/lauralogo.com\/fr\/","name":"Lauralogo","description":"Laura Benitez - Logopeda","publisher":{"@id":"https:\/\/lauralogo.com\/fr\/#\/schema\/person\/f170a007106d64af0135fc1ddef8ae62"},"potentialAction":[{"@type":"SearchAction","target":{"@type":"EntryPoint","urlTemplate":"https:\/\/lauralogo.com\/fr\/?s={search_term_string}"},"query-input":{"@type":"PropertyValueSpecification","valueRequired":true,"valueName":"search_term_string"}}],"inLanguage":"fr-FR"},{"@type":["Person","Organization"],"@id":"https:\/\/lauralogo.com\/fr\/#\/schema\/person\/f170a007106d64af0135fc1ddef8ae62","name":"Laura","image":{"@type":"ImageObject","inLanguage":"fr-FR","@id":"https:\/\/lauralogo.com\/fr\/#\/schema\/person\/image\/","url":"https:\/\/lauralogo.com\/wp-content\/uploads\/2025\/09\/cropped-LOGO.png","contentUrl":"https:\/\/lauralogo.com\/wp-content\/uploads\/2025\/09\/cropped-LOGO.png","width":1267,"height":596,"caption":"Laura"},"logo":{"@id":"https:\/\/lauralogo.com\/fr\/#\/schema\/person\/image\/"},"sameAs":["https:\/\/lauralogo.com"]}]}},"_links":{"self":[{"href":"https:\/\/lauralogo.com\/fr\/wp-json\/wp\/v2\/pages\/1553","targetHints":{"allow":["GET"]}}],"collection":[{"href":"https:\/\/lauralogo.com\/fr\/wp-json\/wp\/v2\/pages"}],"about":[{"href":"https:\/\/lauralogo.com\/fr\/wp-json\/wp\/v2\/types\/page"}],"author":[{"embeddable":true,"href":"https:\/\/lauralogo.com\/fr\/wp-json\/wp\/v2\/users\/1"}],"replies":[{"embeddable":true,"href":"https:\/\/lauralogo.com\/fr\/wp-json\/wp\/v2\/comments?post=1553"}],"version-history":[{"count":6,"href":"https:\/\/lauralogo.com\/fr\/wp-json\/wp\/v2\/pages\/1553\/revisions"}],"predecessor-version":[{"id":2255,"href":"https:\/\/lauralogo.com\/fr\/wp-json\/wp\/v2\/pages\/1553\/revisions\/2255"}],"wp:attachment":[{"href":"https:\/\/lauralogo.com\/fr\/wp-json\/wp\/v2\/media?parent=1553"}],"curies":[{"name":"wp","href":"https:\/\/api.w.org\/{rel}","templated":true}]}}