{"id":1557,"date":"2025-08-13T14:34:43","date_gmt":"2025-08-13T14:34:43","guid":{"rendered":"https:\/\/lauralogo.com\/politique-en-matiere-de-cookies\/"},"modified":"2026-02-09T15:55:47","modified_gmt":"2026-02-09T15:55:47","slug":"politique-en-matiere-de-cookies","status":"publish","type":"page","link":"https:\/\/lauralogo.com\/fr\/politique-en-matiere-de-cookies\/","title":{"rendered":"Politique en mati\u00e8re de Cookies"},"content":{"rendered":"\t\t<div data-elementor-type=\"wp-page\" data-elementor-id=\"1557\" class=\"elementor elementor-1557 elementor-1538\">\n\t\t\t\t<div class=\"elementor-element elementor-element-6376cee e-flex e-con-boxed e-con e-parent\" data-id=\"6376cee\" data-element_type=\"container\" data-e-type=\"container\" data-settings=\"{&quot;background_background&quot;:&quot;classic&quot;}\">\n\t\t\t\t\t<div class=\"e-con-inner\">\n\t\t\t\t<div class=\"elementor-element elementor-element-c8b21ec elementor-widget elementor-widget-heading\" data-id=\"c8b21ec\" data-element_type=\"widget\" data-e-type=\"widget\" data-widget_type=\"heading.default\">\n\t\t\t\t<div class=\"elementor-widget-container\">\n\t\t\t\t\t<h2 class=\"elementor-heading-title elementor-size-default\">Politique en mati\u00e8re de Cookies<\/h2>\t\t\t\t<\/div>\n\t\t\t\t<\/div>\n\t\t\t\t\t<\/div>\n\t\t\t\t<\/div>\n\t\t<div class=\"elementor-element elementor-element-7866a07 e-flex e-con-boxed e-con e-parent\" data-id=\"7866a07\" data-element_type=\"container\" data-e-type=\"container\" data-settings=\"{&quot;background_background&quot;:&quot;classic&quot;}\">\n\t\t\t\t\t<div class=\"e-con-inner\">\n\t\t\t\t<div class=\"elementor-element elementor-element-5cf68b5 elementor-widget elementor-widget-text-editor\" data-id=\"5cf68b5\" data-element_type=\"widget\" data-e-type=\"widget\" data-widget_type=\"text-editor.default\">\n\t\t\t\t<div class=\"elementor-widget-container\">\n\t\t\t\t\t\t\t\t\t<p class=\"p1\"><span class=\"s1\">Ce site web utilise des Cookies personnalis\u00e9s et de tiers pour am\u00e9liorer l'exp\u00e9rience de l'utilisateur.<\/span><\/p>\t\t\t\t\t\t\t\t<\/div>\n\t\t\t\t<\/div>\n\t\t\t\t\t<\/div>\n\t\t\t\t<\/div>\n\t\t<div class=\"elementor-element elementor-element-855b361 e-flex e-con-boxed e-con e-parent\" data-id=\"855b361\" data-element_type=\"container\" data-e-type=\"container\" data-settings=\"{&quot;background_background&quot;:&quot;classic&quot;}\">\n\t\t\t\t\t<div class=\"e-con-inner\">\n\t\t\t\t<div class=\"elementor-element elementor-element-7c90b43 elementor-widget elementor-widget-heading\" data-id=\"7c90b43\" data-element_type=\"widget\" data-e-type=\"widget\" data-widget_type=\"heading.default\">\n\t\t\t\t<div class=\"elementor-widget-container\">\n\t\t\t\t\t<h2 class=\"elementor-heading-title elementor-size-default\">Qu'est-ce qu'un Cookie ?<\/h2>\t\t\t\t<\/div>\n\t\t\t\t<\/div>\n\t\t\t\t<div class=\"elementor-element elementor-element-98d911e elementor-widget elementor-widget-text-editor\" data-id=\"98d911e\" data-element_type=\"widget\" data-e-type=\"widget\" data-widget_type=\"text-editor.default\">\n\t\t\t\t<div class=\"elementor-widget-container\">\n\t\t\t\t\t\t\t\t\t<p class=\"p1\"><span class=\"s1\">Il s'agit d'archives qui se stockent dans votre navigateur lorsque vous visitez un site web. Ils servent, par exemple, \u00e0 m\u00e9moriser vos pr\u00e9f\u00e9rences de navigation ou \u00e0 \u00e9tablir des statistiques anonymes.<\/span><\/p>\t\t\t\t\t\t\t\t<\/div>\n\t\t\t\t<\/div>\n\t\t\t\t\t<\/div>\n\t\t\t\t<\/div>\n\t\t<div class=\"elementor-element elementor-element-13b4982 e-flex e-con-boxed e-con e-parent\" data-id=\"13b4982\" data-element_type=\"container\" data-e-type=\"container\" data-settings=\"{&quot;background_background&quot;:&quot;classic&quot;}\">\n\t\t\t\t\t<div class=\"e-con-inner\">\n\t\t\t\t<div class=\"elementor-element elementor-element-8097f17 elementor-widget elementor-widget-heading\" data-id=\"8097f17\" data-element_type=\"widget\" data-e-type=\"widget\" data-widget_type=\"heading.default\">\n\t\t\t\t<div class=\"elementor-widget-container\">\n\t\t\t\t\t<h2 class=\"elementor-heading-title elementor-size-default\">Types de Cookies utilis\u00e9s<\/h2>\t\t\t\t<\/div>\n\t\t\t\t<\/div>\n\t\t\t\t<div class=\"elementor-element elementor-element-5453778 elementor-widget elementor-widget-text-editor\" data-id=\"5453778\" data-element_type=\"widget\" data-e-type=\"widget\" data-widget_type=\"text-editor.default\">\n\t\t\t\t<div class=\"elementor-widget-container\">\n\t\t\t\t\t\t\t\t\t<ul><li><p class=\"p1\"><span class=\"s1\">Cookies techniques (essentiels au fonctionnement du site)<\/span><\/p><\/li><li><p class=\"p1\"><span class=\"s1\">Cookies analytiques (Google Analytics, si vous les utilisez)<\/span><\/p><\/li><\/ul>\t\t\t\t\t\t\t\t<\/div>\n\t\t\t\t<\/div>\n\t\t\t\t\t<\/div>\n\t\t\t\t<\/div>\n\t\t<div class=\"elementor-element elementor-element-b12ef52 e-flex e-con-boxed e-con e-parent\" data-id=\"b12ef52\" data-element_type=\"container\" data-e-type=\"container\" data-settings=\"{&quot;background_background&quot;:&quot;classic&quot;}\">\n\t\t\t\t\t<div class=\"e-con-inner\">\n\t\t\t\t<div class=\"elementor-element elementor-element-dad8d3d elementor-widget elementor-widget-heading\" data-id=\"dad8d3d\" data-element_type=\"widget\" data-e-type=\"widget\" data-widget_type=\"heading.default\">\n\t\t\t\t<div class=\"elementor-widget-container\">\n\t\t\t\t\t<h2 class=\"elementor-heading-title elementor-size-default\">Consentement<\/h2>\t\t\t\t<\/div>\n\t\t\t\t<\/div>\n\t\t\t\t<div class=\"elementor-element elementor-element-a62e5ba elementor-widget elementor-widget-text-editor\" data-id=\"a62e5ba\" data-element_type=\"widget\" data-e-type=\"widget\" data-widget_type=\"text-editor.default\">\n\t\t\t\t<div class=\"elementor-widget-container\">\n\t\t\t\t\t\t\t\t\t<p class=\"p1\"><span class=\"s1\">Vous pouvez accepter ou refuser l'utilisation des Cookies via la banni\u00e8re qui appara\u00eet lorsque vous acc\u00e9dez au site. Vous pouvez \u00e9galement modifier les param\u00e8tres de votre navigateur.<\/span><\/p>\t\t\t\t\t\t\t\t<\/div>\n\t\t\t\t<\/div>\n\t\t\t\t\t<\/div>\n\t\t\t\t<\/div>\n\t\t\t\t<\/div>\n\t\t","protected":false},"excerpt":{"rendered":"<p>Politique en mati\u00e8re de Cookies Ce site web utilise des Cookies personnalis\u00e9s et de tiers pour am\u00e9liorer l'exp\u00e9rience de l'utilisateur. Qu'est-ce qu'un Cookie ? Il s'agit d'archives qui se stockent dans votre navigateur lorsque vous visitez un site web. Ils servent, par exemple, \u00e0 m\u00e9moriser vos pr\u00e9f\u00e9rences de navigation ou \u00e0 \u00e9tablir des statistiques anonymes. [&hellip;]<\/p>\n","protected":false},"author":1,"featured_media":0,"parent":0,"menu_order":0,"comment_status":"closed","ping_status":"closed","template":"","meta":{"footnotes":""},"class_list":["post-1557","page","type-page","status-publish","hentry"],"yoast_head":"<!-- This site is optimized with the Yoast SEO plugin v27.0 - https:\/\/yoast.com\/product\/yoast-seo-wordpress\/ -->\n<title>Politique en mati\u00e8re de Cookies - Lauralogo<\/title>\n<meta name=\"robots\" content=\"noindex, follow\" \/>\n<meta property=\"og:locale\" content=\"fr_FR\" \/>\n<meta property=\"og:type\" content=\"article\" \/>\n<meta property=\"og:title\" content=\"Politique en mati\u00e8re de Cookies - Lauralogo\" \/>\n<meta property=\"og:description\" content=\"Politique en mati\u00e8re de Cookies Ce site web utilise des Cookies personnalis\u00e9s et de tiers pour am\u00e9liorer l&#039;exp\u00e9rience de l&#039;utilisateur. Qu&#039;est-ce qu&#039;un Cookie ? Il s&#039;agit d&#039;archives qui se stockent dans votre navigateur lorsque vous visitez un site web. Ils servent, par exemple, \u00e0 m\u00e9moriser vos pr\u00e9f\u00e9rences de navigation ou \u00e0 \u00e9tablir des statistiques anonymes. [&hellip;]\" \/>\n<meta property=\"og:url\" content=\"https:\/\/lauralogo.com\/fr\/politique-en-matiere-de-cookies\/\" \/>\n<meta property=\"og:site_name\" content=\"Lauralogo\" \/>\n<meta property=\"article:modified_time\" content=\"2026-02-09T15:55:47+00:00\" \/>\n<meta name=\"twitter:card\" content=\"summary_large_image\" \/>\n<meta name=\"twitter:label1\" content=\"Dur\u00e9e de lecture estim\u00e9e\" \/>\n\t<meta name=\"twitter:data1\" content=\"1 minute\" \/>\n<script type=\"application\/ld+json\" class=\"yoast-schema-graph\">{\"@context\":\"https:\/\/schema.org\",\"@graph\":[{\"@type\":\"WebPage\",\"@id\":\"https:\/\/lauralogo.com\/fr\/politique-en-matiere-de-cookies\/\",\"url\":\"https:\/\/lauralogo.com\/fr\/politique-en-matiere-de-cookies\/\",\"name\":\"Politique en mati\u00e8re de Cookies - Lauralogo\",\"isPartOf\":{\"@id\":\"https:\/\/lauralogo.com\/fr\/#website\"},\"datePublished\":\"2025-08-13T14:34:43+00:00\",\"dateModified\":\"2026-02-09T15:55:47+00:00\",\"breadcrumb\":{\"@id\":\"https:\/\/lauralogo.com\/fr\/politique-en-matiere-de-cookies\/#breadcrumb\"},\"inLanguage\":\"fr-FR\",\"potentialAction\":[{\"@type\":\"ReadAction\",\"target\":[\"https:\/\/lauralogo.com\/fr\/politique-en-matiere-de-cookies\/\"]}]},{\"@type\":\"BreadcrumbList\",\"@id\":\"https:\/\/lauralogo.com\/fr\/politique-en-matiere-de-cookies\/#breadcrumb\",\"itemListElement\":[{\"@type\":\"ListItem\",\"position\":1,\"name\":\"Portada\",\"item\":\"https:\/\/lauralogo.com\/fr\/\"},{\"@type\":\"ListItem\",\"position\":2,\"name\":\"Politique en mati\u00e8re de Cookies\"}]},{\"@type\":\"WebSite\",\"@id\":\"https:\/\/lauralogo.com\/fr\/#website\",\"url\":\"https:\/\/lauralogo.com\/fr\/\",\"name\":\"Lauralogo\",\"description\":\"Laura Benitez - Logopeda\",\"publisher\":{\"@id\":\"https:\/\/lauralogo.com\/fr\/#\/schema\/person\/f170a007106d64af0135fc1ddef8ae62\"},\"potentialAction\":[{\"@type\":\"SearchAction\",\"target\":{\"@type\":\"EntryPoint\",\"urlTemplate\":\"https:\/\/lauralogo.com\/fr\/?s={search_term_string}\"},\"query-input\":{\"@type\":\"PropertyValueSpecification\",\"valueRequired\":true,\"valueName\":\"search_term_string\"}}],\"inLanguage\":\"fr-FR\"},{\"@type\":[\"Person\",\"Organization\"],\"@id\":\"https:\/\/lauralogo.com\/fr\/#\/schema\/person\/f170a007106d64af0135fc1ddef8ae62\",\"name\":\"Laura\",\"image\":{\"@type\":\"ImageObject\",\"inLanguage\":\"fr-FR\",\"@id\":\"https:\/\/lauralogo.com\/fr\/#\/schema\/person\/image\/\",\"url\":\"https:\/\/lauralogo.com\/wp-content\/uploads\/2025\/09\/cropped-LOGO.png\",\"contentUrl\":\"https:\/\/lauralogo.com\/wp-content\/uploads\/2025\/09\/cropped-LOGO.png\",\"width\":1267,\"height\":596,\"caption\":\"Laura\"},\"logo\":{\"@id\":\"https:\/\/lauralogo.com\/fr\/#\/schema\/person\/image\/\"},\"sameAs\":[\"https:\/\/lauralogo.com\"]}]}<\/script>\n<!-- \/ Yoast SEO plugin. -->","yoast_head_json":{"title":"Politique en mati\u00e8re de Cookies - Lauralogo","robots":{"index":"noindex","follow":"follow"},"og_locale":"fr_FR","og_type":"article","og_title":"Politique en mati\u00e8re de Cookies - Lauralogo","og_description":"Politique en mati\u00e8re de Cookies Ce site web utilise des Cookies personnalis\u00e9s et de tiers pour am\u00e9liorer l'exp\u00e9rience de l'utilisateur. Qu'est-ce qu'un Cookie ? Il s'agit d'archives qui se stockent dans votre navigateur lorsque vous visitez un site web. Ils servent, par exemple, \u00e0 m\u00e9moriser vos pr\u00e9f\u00e9rences de navigation ou \u00e0 \u00e9tablir des statistiques anonymes. [&hellip;]","og_url":"https:\/\/lauralogo.com\/fr\/politique-en-matiere-de-cookies\/","og_site_name":"Lauralogo","article_modified_time":"2026-02-09T15:55:47+00:00","twitter_card":"summary_large_image","twitter_misc":{"Dur\u00e9e de lecture estim\u00e9e":"1 minute"},"schema":{"@context":"https:\/\/schema.org","@graph":[{"@type":"WebPage","@id":"https:\/\/lauralogo.com\/fr\/politique-en-matiere-de-cookies\/","url":"https:\/\/lauralogo.com\/fr\/politique-en-matiere-de-cookies\/","name":"Politique en mati\u00e8re de Cookies - Lauralogo","isPartOf":{"@id":"https:\/\/lauralogo.com\/fr\/#website"},"datePublished":"2025-08-13T14:34:43+00:00","dateModified":"2026-02-09T15:55:47+00:00","breadcrumb":{"@id":"https:\/\/lauralogo.com\/fr\/politique-en-matiere-de-cookies\/#breadcrumb"},"inLanguage":"fr-FR","potentialAction":[{"@type":"ReadAction","target":["https:\/\/lauralogo.com\/fr\/politique-en-matiere-de-cookies\/"]}]},{"@type":"BreadcrumbList","@id":"https:\/\/lauralogo.com\/fr\/politique-en-matiere-de-cookies\/#breadcrumb","itemListElement":[{"@type":"ListItem","position":1,"name":"Portada","item":"https:\/\/lauralogo.com\/fr\/"},{"@type":"ListItem","position":2,"name":"Politique en mati\u00e8re de Cookies"}]},{"@type":"WebSite","@id":"https:\/\/lauralogo.com\/fr\/#website","url":"https:\/\/lauralogo.com\/fr\/","name":"Lauralogo","description":"Laura Benitez - Logopeda","publisher":{"@id":"https:\/\/lauralogo.com\/fr\/#\/schema\/person\/f170a007106d64af0135fc1ddef8ae62"},"potentialAction":[{"@type":"SearchAction","target":{"@type":"EntryPoint","urlTemplate":"https:\/\/lauralogo.com\/fr\/?s={search_term_string}"},"query-input":{"@type":"PropertyValueSpecification","valueRequired":true,"valueName":"search_term_string"}}],"inLanguage":"fr-FR"},{"@type":["Person","Organization"],"@id":"https:\/\/lauralogo.com\/fr\/#\/schema\/person\/f170a007106d64af0135fc1ddef8ae62","name":"Laura","image":{"@type":"ImageObject","inLanguage":"fr-FR","@id":"https:\/\/lauralogo.com\/fr\/#\/schema\/person\/image\/","url":"https:\/\/lauralogo.com\/wp-content\/uploads\/2025\/09\/cropped-LOGO.png","contentUrl":"https:\/\/lauralogo.com\/wp-content\/uploads\/2025\/09\/cropped-LOGO.png","width":1267,"height":596,"caption":"Laura"},"logo":{"@id":"https:\/\/lauralogo.com\/fr\/#\/schema\/person\/image\/"},"sameAs":["https:\/\/lauralogo.com"]}]}},"_links":{"self":[{"href":"https:\/\/lauralogo.com\/fr\/wp-json\/wp\/v2\/pages\/1557","targetHints":{"allow":["GET"]}}],"collection":[{"href":"https:\/\/lauralogo.com\/fr\/wp-json\/wp\/v2\/pages"}],"about":[{"href":"https:\/\/lauralogo.com\/fr\/wp-json\/wp\/v2\/types\/page"}],"author":[{"embeddable":true,"href":"https:\/\/lauralogo.com\/fr\/wp-json\/wp\/v2\/users\/1"}],"replies":[{"embeddable":true,"href":"https:\/\/lauralogo.com\/fr\/wp-json\/wp\/v2\/comments?post=1557"}],"version-history":[{"count":3,"href":"https:\/\/lauralogo.com\/fr\/wp-json\/wp\/v2\/pages\/1557\/revisions"}],"predecessor-version":[{"id":1873,"href":"https:\/\/lauralogo.com\/fr\/wp-json\/wp\/v2\/pages\/1557\/revisions\/1873"}],"wp:attachment":[{"href":"https:\/\/lauralogo.com\/fr\/wp-json\/wp\/v2\/media?parent=1557"}],"curies":[{"name":"wp","href":"https:\/\/api.w.org\/{rel}","templated":true}]}}