{"id":2170,"date":"2025-12-15T23:45:27","date_gmt":"2025-12-15T23:45:27","guid":{"rendered":"https:\/\/lauralogo.com\/blog\/"},"modified":"2025-12-18T20:16:43","modified_gmt":"2025-12-18T20:16:43","slug":"blog","status":"publish","type":"page","link":"https:\/\/lauralogo.com\/fr\/blog\/","title":{"rendered":"Blog"},"content":{"rendered":"\t\t<div data-elementor-type=\"wp-page\" data-elementor-id=\"2170\" class=\"elementor elementor-2170 elementor-2131\">\n\t\t\t\t<div class=\"elementor-element elementor-element-aa552e9 e-flex e-con-boxed e-con e-parent\" data-id=\"aa552e9\" data-element_type=\"container\" data-e-type=\"container\" data-settings=\"{&quot;background_background&quot;:&quot;classic&quot;}\">\n\t\t\t\t\t<div class=\"e-con-inner\">\n\t\t\t\t<div class=\"elementor-element elementor-element-7843ef8 elementor-widget elementor-widget-heading\" data-id=\"7843ef8\" data-element_type=\"widget\" data-e-type=\"widget\" data-widget_type=\"heading.default\">\n\t\t\t\t<div class=\"elementor-widget-container\">\n\t\t\t\t\t<h2 class=\"elementor-heading-title elementor-size-default\">D\u00e9couvrez les ressources<\/h2>\t\t\t\t<\/div>\n\t\t\t\t<\/div>\n\t\t\t\t\t<\/div>\n\t\t\t\t<\/div>\n\t\t<div class=\"elementor-element elementor-element-d4d6361 e-flex e-con-boxed e-con e-parent\" data-id=\"d4d6361\" data-element_type=\"container\" data-e-type=\"container\" data-settings=\"{&quot;background_background&quot;:&quot;classic&quot;}\">\n\t\t\t\t\t<div class=\"e-con-inner\">\n\t\t\t\t<div class=\"elementor-element elementor-element-3adb774 elementor-widget elementor-widget-hfe-basic-posts\" data-id=\"3adb774\" data-element_type=\"widget\" data-e-type=\"widget\" data-widget_type=\"hfe-basic-posts.default\">\n\t\t\t\t<div class=\"elementor-widget-container\">\n\t\t\t\t\t\n<div class=\"hfe-posts-grid\">\n\t\t\t<article class=\"hfe-post-card\">\n\t\t\t\t\t\t\t<div class=\"hfe-post-image\">\n\t\t\t\t\t<a href=\"https:\/\/lauralogo.com\/fr\/orthophonie-en-ligne-a-qui-sadresse-t-elle\/\" rel=\"bookmark\">\n\t\t\t\t\t\t<img loading=\"lazy\" decoding=\"async\" width=\"1536\" height=\"1024\" src=\"https:\/\/lauralogo.com\/wp-content\/uploads\/2026\/01\/andrew-neel-cckf4TsHAuw-unsplash-1536x1024.jpg\" class=\"attachment-1536x1536 size-1536x1536 wp-post-image\" alt=\"Orthophonie en ligne | A qui s&#039;adresse-t-elle ?\" loading=\"lazy\" srcset=\"https:\/\/lauralogo.com\/wp-content\/uploads\/2026\/01\/andrew-neel-cckf4TsHAuw-unsplash-1536x1024.jpg 1536w, https:\/\/lauralogo.com\/wp-content\/uploads\/2026\/01\/andrew-neel-cckf4TsHAuw-unsplash-300x200.jpg 300w, https:\/\/lauralogo.com\/wp-content\/uploads\/2026\/01\/andrew-neel-cckf4TsHAuw-unsplash-1024x683.jpg 1024w, https:\/\/lauralogo.com\/wp-content\/uploads\/2026\/01\/andrew-neel-cckf4TsHAuw-unsplash-768x512.jpg 768w, https:\/\/lauralogo.com\/wp-content\/uploads\/2026\/01\/andrew-neel-cckf4TsHAuw-unsplash-2048x1365.jpg 2048w\" sizes=\"auto, (max-width: 1536px) 100vw, 1536px\" \/>\t\t\t\t\t<\/a>\n\t\t\t\t<\/div>\n\t\t\t\n\t\t\t<div class=\"hfe-post-content\">\n\t\t\t\t\t\t\t\t\t<h3 class=\"hfe-post-title\">\n\t\t\t\t\t\t<a href=\"https:\/\/lauralogo.com\/fr\/orthophonie-en-ligne-a-qui-sadresse-t-elle\/\" rel=\"bookmark\">\n\t\t\t\t\t\t\tOrthophonie en ligne | A qui s&#039;adresse-t-elle ?\t\t\t\t\t\t<\/a>\n\t\t\t\t\t<\/h3>\n\t\t\t\t\n\t\t\t\t\t\t\t\t\t<div class=\"hfe-post-meta\">\n\t\t\t\t\t\t<span class=\"hfe-post-date\">15\/02\/2026<\/span>\t\t\t\t\t<\/div>\n\t\t\t\t\n\t\t\t\t\t\t\t\t\t<div class=\"hfe-post-excerpt\">\n\t\t\t\t\t\tOrthophonie en ligne : pour quels troubles et quels patients peuvent en b\u00e9n\u00e9ficier ? Ces derni\u00e8res ann\u00e9es, l'orthophonie en ligne...\t\t\t\t\t<\/div>\n\t\t\t\t\n\t\t\t\t\t\t\t\t\t<a href=\"https:\/\/lauralogo.com\/fr\/orthophonie-en-ligne-a-qui-sadresse-t-elle\/\" class=\"hfe-read-more\" rel=\"bookmark\">\n\t\t\t\t\t\tLeer m\u00e1s \u2192\t\t\t\t\t<\/a>\n\t\t\t\t\t\t\t<\/div>\n\t\t<\/article>\n\t\t\t\t<article class=\"hfe-post-card\">\n\t\t\t\t\t\t\t<div class=\"hfe-post-image\">\n\t\t\t\t\t<a href=\"https:\/\/lauralogo.com\/fr\/troubles-articulatoires-quand-consulter-un-orthophoniste\/\" rel=\"bookmark\">\n\t\t\t\t\t\t<img loading=\"lazy\" decoding=\"async\" width=\"1536\" height=\"1024\" src=\"https:\/\/lauralogo.com\/wp-content\/uploads\/2026\/01\/9509B47A-55FE-48D5-AE85-B34CEA156D90.png\" class=\"attachment-1536x1536 size-1536x1536 wp-post-image\" alt=\"Troubles articulatoires | Quand consulter un orthophoniste ?\" loading=\"lazy\" srcset=\"https:\/\/lauralogo.com\/wp-content\/uploads\/2026\/01\/9509B47A-55FE-48D5-AE85-B34CEA156D90.png 1536w, https:\/\/lauralogo.com\/wp-content\/uploads\/2026\/01\/9509B47A-55FE-48D5-AE85-B34CEA156D90-300x200.png 300w, https:\/\/lauralogo.com\/wp-content\/uploads\/2026\/01\/9509B47A-55FE-48D5-AE85-B34CEA156D90-1024x683.png 1024w, https:\/\/lauralogo.com\/wp-content\/uploads\/2026\/01\/9509B47A-55FE-48D5-AE85-B34CEA156D90-768x512.png 768w\" sizes=\"auto, (max-width: 1536px) 100vw, 1536px\" \/>\t\t\t\t\t<\/a>\n\t\t\t\t<\/div>\n\t\t\t\n\t\t\t<div class=\"hfe-post-content\">\n\t\t\t\t\t\t\t\t\t<h3 class=\"hfe-post-title\">\n\t\t\t\t\t\t<a href=\"https:\/\/lauralogo.com\/fr\/troubles-articulatoires-quand-consulter-un-orthophoniste\/\" rel=\"bookmark\">\n\t\t\t\t\t\t\tTroubles articulatoires | Quand consulter un orthophoniste ?\t\t\t\t\t\t<\/a>\n\t\t\t\t\t<\/h3>\n\t\t\t\t\n\t\t\t\t\t\t\t\t\t<div class=\"hfe-post-meta\">\n\t\t\t\t\t\t<span class=\"hfe-post-date\">31\/01\/2026<\/span>\t\t\t\t\t<\/div>\n\t\t\t\t\n\t\t\t\t\t\t\t\t\t<div class=\"hfe-post-excerpt\">\n\t\t\t\t\t\tLes troubles articulatoires chez l'enfant : comment les d\u00e9tecter et quand consulter un orthophoniste ? Les troubles articulatoires chez l'enfant...\t\t\t\t\t<\/div>\n\t\t\t\t\n\t\t\t\t\t\t\t\t\t<a href=\"https:\/\/lauralogo.com\/fr\/troubles-articulatoires-quand-consulter-un-orthophoniste\/\" class=\"hfe-read-more\" rel=\"bookmark\">\n\t\t\t\t\t\tLeer m\u00e1s \u2192\t\t\t\t\t<\/a>\n\t\t\t\t\t\t\t<\/div>\n\t\t<\/article>\n\t\t\t\t<article class=\"hfe-post-card\">\n\t\t\t\t\t\t\t<div class=\"hfe-post-image\">\n\t\t\t\t\t<a href=\"https:\/\/lauralogo.com\/fr\/enfants-bilingues-developpement-du-langage\/\" rel=\"bookmark\">\n\t\t\t\t\t\t<img loading=\"lazy\" decoding=\"async\" width=\"1536\" height=\"1024\" src=\"https:\/\/lauralogo.com\/wp-content\/uploads\/2025\/12\/E2F63FC5-EA3A-421B-B652-FF5D6FDBDB55.png\" class=\"attachment-1536x1536 size-1536x1536 wp-post-image\" alt=\"Enfants bilingues et d\u00e9veloppement du langage\" loading=\"lazy\" srcset=\"https:\/\/lauralogo.com\/wp-content\/uploads\/2025\/12\/E2F63FC5-EA3A-421B-B652-FF5D6FDBDB55.png 1536w, https:\/\/lauralogo.com\/wp-content\/uploads\/2025\/12\/E2F63FC5-EA3A-421B-B652-FF5D6FDBDB55-300x200.png 300w, https:\/\/lauralogo.com\/wp-content\/uploads\/2025\/12\/E2F63FC5-EA3A-421B-B652-FF5D6FDBDB55-1024x683.png 1024w, https:\/\/lauralogo.com\/wp-content\/uploads\/2025\/12\/E2F63FC5-EA3A-421B-B652-FF5D6FDBDB55-768x512.png 768w\" sizes=\"auto, (max-width: 1536px) 100vw, 1536px\" \/>\t\t\t\t\t<\/a>\n\t\t\t\t<\/div>\n\t\t\t\n\t\t\t<div class=\"hfe-post-content\">\n\t\t\t\t\t\t\t\t\t<h3 class=\"hfe-post-title\">\n\t\t\t\t\t\t<a href=\"https:\/\/lauralogo.com\/fr\/enfants-bilingues-developpement-du-langage\/\" rel=\"bookmark\">\n\t\t\t\t\t\t\tEnfants bilingues et d\u00e9veloppement du langage\t\t\t\t\t\t<\/a>\n\t\t\t\t\t<\/h3>\n\t\t\t\t\n\t\t\t\t\t\t\t\t\t<div class=\"hfe-post-meta\">\n\t\t\t\t\t\t<span class=\"hfe-post-date\">15\/01\/2026<\/span>\t\t\t\t\t<\/div>\n\t\t\t\t\n\t\t\t\t\t\t\t\t\t<div class=\"hfe-post-excerpt\">\n\t\t\t\t\t\tLes enfants bilingues ont-ils plus de difficult\u00e9s \u00e0 d\u00e9velopper le langage ? Les enfants bilingues ont-ils plus de difficult\u00e9s dans...\t\t\t\t\t<\/div>\n\t\t\t\t\n\t\t\t\t\t\t\t\t\t<a href=\"https:\/\/lauralogo.com\/fr\/enfants-bilingues-developpement-du-langage\/\" class=\"hfe-read-more\" rel=\"bookmark\">\n\t\t\t\t\t\tLeer m\u00e1s \u2192\t\t\t\t\t<\/a>\n\t\t\t\t\t\t\t<\/div>\n\t\t<\/article>\n\t\t\t\t<article class=\"hfe-post-card\">\n\t\t\t\t\t\t\t<div class=\"hfe-post-image\">\n\t\t\t\t\t<a href=\"https:\/\/lauralogo.com\/fr\/therapie-vocale-a-malaga-reeducation-de-la-dysphonie\/\" rel=\"bookmark\">\n\t\t\t\t\t\t<img loading=\"lazy\" decoding=\"async\" width=\"1536\" height=\"1024\" src=\"https:\/\/lauralogo.com\/wp-content\/uploads\/2025\/12\/3CFD9EF6-5820-4501-B5E8-8403E9AEEA61.png\" class=\"attachment-1536x1536 size-1536x1536 wp-post-image\" alt=\"Th\u00e9rapie vocale \u00e0 Malaga | R\u00e9\u00e9ducation de la dysphonie\" loading=\"lazy\" srcset=\"https:\/\/lauralogo.com\/wp-content\/uploads\/2025\/12\/3CFD9EF6-5820-4501-B5E8-8403E9AEEA61.png 1536w, https:\/\/lauralogo.com\/wp-content\/uploads\/2025\/12\/3CFD9EF6-5820-4501-B5E8-8403E9AEEA61-300x200.png 300w, https:\/\/lauralogo.com\/wp-content\/uploads\/2025\/12\/3CFD9EF6-5820-4501-B5E8-8403E9AEEA61-1024x683.png 1024w, https:\/\/lauralogo.com\/wp-content\/uploads\/2025\/12\/3CFD9EF6-5820-4501-B5E8-8403E9AEEA61-768x512.png 768w\" sizes=\"auto, (max-width: 1536px) 100vw, 1536px\" \/>\t\t\t\t\t<\/a>\n\t\t\t\t<\/div>\n\t\t\t\n\t\t\t<div class=\"hfe-post-content\">\n\t\t\t\t\t\t\t\t\t<h3 class=\"hfe-post-title\">\n\t\t\t\t\t\t<a href=\"https:\/\/lauralogo.com\/fr\/therapie-vocale-a-malaga-reeducation-de-la-dysphonie\/\" rel=\"bookmark\">\n\t\t\t\t\t\t\tTh\u00e9rapie vocale \u00e0 Malaga | R\u00e9\u00e9ducation de la dysphonie\t\t\t\t\t\t<\/a>\n\t\t\t\t\t<\/h3>\n\t\t\t\t\n\t\t\t\t\t\t\t\t\t<div class=\"hfe-post-meta\">\n\t\t\t\t\t\t<span class=\"hfe-post-date\">31\/12\/2025<\/span>\t\t\t\t\t<\/div>\n\t\t\t\t\n\t\t\t\t\t\t\t\t\t<div class=\"hfe-post-excerpt\">\n\t\t\t\t\t\tR\u00e9\u00e9ducation de la voix : l'importance de l'orthophonie et preuves scientifiques La th\u00e9rapie vocale vise \u00e0 traiter les troubles vocaux,...\t\t\t\t\t<\/div>\n\t\t\t\t\n\t\t\t\t\t\t\t\t\t<a href=\"https:\/\/lauralogo.com\/fr\/therapie-vocale-a-malaga-reeducation-de-la-dysphonie\/\" class=\"hfe-read-more\" rel=\"bookmark\">\n\t\t\t\t\t\tLeer m\u00e1s \u2192\t\t\t\t\t<\/a>\n\t\t\t\t\t\t\t<\/div>\n\t\t<\/article>\n\t\t\t\t<article class=\"hfe-post-card\">\n\t\t\t\t\t\t\t<div class=\"hfe-post-image\">\n\t\t\t\t\t<a href=\"https:\/\/lauralogo.com\/fr\/orthophonie-post-avc-a-malaga-reeducation-du-langage\/\" rel=\"bookmark\">\n\t\t\t\t\t\t<img loading=\"lazy\" decoding=\"async\" width=\"1536\" height=\"1024\" src=\"https:\/\/lauralogo.com\/wp-content\/uploads\/2025\/12\/87E965BF-D356-4328-A0F3-D8C8BC3B271C.png\" class=\"attachment-1536x1536 size-1536x1536 wp-post-image\" alt=\"Orthophonie post-AVC \u00e0 Malaga | R\u00e9\u00e9ducation du langage\" loading=\"lazy\" srcset=\"https:\/\/lauralogo.com\/wp-content\/uploads\/2025\/12\/87E965BF-D356-4328-A0F3-D8C8BC3B271C.png 1536w, https:\/\/lauralogo.com\/wp-content\/uploads\/2025\/12\/87E965BF-D356-4328-A0F3-D8C8BC3B271C-300x200.png 300w, https:\/\/lauralogo.com\/wp-content\/uploads\/2025\/12\/87E965BF-D356-4328-A0F3-D8C8BC3B271C-1024x683.png 1024w, https:\/\/lauralogo.com\/wp-content\/uploads\/2025\/12\/87E965BF-D356-4328-A0F3-D8C8BC3B271C-768x512.png 768w\" sizes=\"auto, (max-width: 1536px) 100vw, 1536px\" \/>\t\t\t\t\t<\/a>\n\t\t\t\t<\/div>\n\t\t\t\n\t\t\t<div class=\"hfe-post-content\">\n\t\t\t\t\t\t\t\t\t<h3 class=\"hfe-post-title\">\n\t\t\t\t\t\t<a href=\"https:\/\/lauralogo.com\/fr\/orthophonie-post-avc-a-malaga-reeducation-du-langage\/\" rel=\"bookmark\">\n\t\t\t\t\t\t\tOrthophonie post-AVC \u00e0 Malaga | R\u00e9\u00e9ducation du langage\t\t\t\t\t\t<\/a>\n\t\t\t\t\t<\/h3>\n\t\t\t\t\n\t\t\t\t\t\t\t\t\t<div class=\"hfe-post-meta\">\n\t\t\t\t\t\t<span class=\"hfe-post-date\">18\/12\/2025<\/span>\t\t\t\t\t<\/div>\n\t\t\t\t\n\t\t\t\t\t\t\t\t\t<div class=\"hfe-post-excerpt\">\n\t\t\t\t\t\tOrthophonie post-AVC : r\u00e9\u00e9ducation du langage apr\u00e8s un AVC Un accident vasculaire c\u00e9r\u00e9bral peut avoir des cons\u00e9quences profondes sur la...\t\t\t\t\t<\/div>\n\t\t\t\t\n\t\t\t\t\t\t\t\t\t<a href=\"https:\/\/lauralogo.com\/fr\/orthophonie-post-avc-a-malaga-reeducation-du-langage\/\" class=\"hfe-read-more\" rel=\"bookmark\">\n\t\t\t\t\t\tLeer m\u00e1s \u2192\t\t\t\t\t<\/a>\n\t\t\t\t\t\t\t<\/div>\n\t\t<\/article>\n\t\t\t\t<article class=\"hfe-post-card\">\n\t\t\t\t\t\t\t<div class=\"hfe-post-image\">\n\t\t\t\t\t<a href=\"https:\/\/lauralogo.com\/fr\/orthophoniste-francophone-a-malaga\/\" rel=\"bookmark\">\n\t\t\t\t\t\t<img loading=\"lazy\" decoding=\"async\" width=\"1536\" height=\"1024\" src=\"https:\/\/lauralogo.com\/wp-content\/uploads\/2025\/11\/49AEFB80-74A1-45F8-8AD1-A14024A6AA71.png\" class=\"attachment-1536x1536 size-1536x1536 wp-post-image\" alt=\"Orthophoniste francophone \u00e0 Malaga\" loading=\"lazy\" srcset=\"https:\/\/lauralogo.com\/wp-content\/uploads\/2025\/11\/49AEFB80-74A1-45F8-8AD1-A14024A6AA71.png 1536w, https:\/\/lauralogo.com\/wp-content\/uploads\/2025\/11\/49AEFB80-74A1-45F8-8AD1-A14024A6AA71-300x200.png 300w, https:\/\/lauralogo.com\/wp-content\/uploads\/2025\/11\/49AEFB80-74A1-45F8-8AD1-A14024A6AA71-1024x683.png 1024w, https:\/\/lauralogo.com\/wp-content\/uploads\/2025\/11\/49AEFB80-74A1-45F8-8AD1-A14024A6AA71-768x512.png 768w\" sizes=\"auto, (max-width: 1536px) 100vw, 1536px\" \/>\t\t\t\t\t<\/a>\n\t\t\t\t<\/div>\n\t\t\t\n\t\t\t<div class=\"hfe-post-content\">\n\t\t\t\t\t\t\t\t\t<h3 class=\"hfe-post-title\">\n\t\t\t\t\t\t<a href=\"https:\/\/lauralogo.com\/fr\/orthophoniste-francophone-a-malaga\/\" rel=\"bookmark\">\n\t\t\t\t\t\t\tOrthophoniste francophone \u00e0 Malaga\t\t\t\t\t\t<\/a>\n\t\t\t\t\t<\/h3>\n\t\t\t\t\n\t\t\t\t\t\t\t\t\t<div class=\"hfe-post-meta\">\n\t\t\t\t\t\t<span class=\"hfe-post-date\">22\/11\/2025<\/span>\t\t\t\t\t<\/div>\n\t\t\t\t\n\t\t\t\t\t\t\t\t\t<div class=\"hfe-post-excerpt\">\n\t\t\t\t\t\tVous cherchez un orthophoniste francophone \u00e0 Malaga ou ses alentours ? D\u00e9couvrez une approche humaine et personnalis\u00e9e adapt\u00e9e aux enfants...\t\t\t\t\t<\/div>\n\t\t\t\t\n\t\t\t\t\t\t\t\t\t<a href=\"https:\/\/lauralogo.com\/fr\/orthophoniste-francophone-a-malaga\/\" class=\"hfe-read-more\" rel=\"bookmark\">\n\t\t\t\t\t\tLeer m\u00e1s \u2192\t\t\t\t\t<\/a>\n\t\t\t\t\t\t\t<\/div>\n\t\t<\/article>\n\t\t<\/div>\n\t\t\t\t<\/div>\n\t\t\t\t<\/div>\n\t\t\t\t\t<\/div>\n\t\t\t\t<\/div>\n\t\t\t\t<\/div>\n\t\t","protected":false},"excerpt":{"rendered":"<p>D\u00e9couvrez les ressources Logopedia post-ictus en M\u00e1laga | Rehabilitaci\u00f3n del lenguaje 18\/12\/2025 Logopedia post-ictus: rehabilitaci\u00f3n del lenguaje tras un ACV Un accidente cerebrovascular (ACV) puede tener consecuencias profundas en la comunicaci\u00f3n. Entre&#8230; Leer m\u00e1s \u2192 Logopeda franc\u00f3fona en M\u00e1laga 22\/11\/2025 \u00bfBuscas una logopeda franc\u00f3fona en M\u00e1laga o alrededores? Descubre un enfoque humano y personalizado adaptado [&hellip;]<\/p>\n","protected":false},"author":1,"featured_media":0,"parent":0,"menu_order":0,"comment_status":"closed","ping_status":"closed","template":"","meta":{"footnotes":""},"class_list":["post-2170","page","type-page","status-publish","hentry"],"yoast_head":"<!-- This site is optimized with the Yoast SEO plugin v27.0 - https:\/\/yoast.com\/product\/yoast-seo-wordpress\/ -->\n<title>Blog - Lauralogo<\/title>\n<meta name=\"robots\" content=\"index, follow, max-snippet:-1, max-image-preview:large, max-video-preview:-1\" \/>\n<link rel=\"canonical\" href=\"https:\/\/lauralogo.com\/fr\/blog\/\" \/>\n<meta property=\"og:locale\" content=\"fr_FR\" \/>\n<meta property=\"og:type\" content=\"article\" \/>\n<meta property=\"og:title\" content=\"Blog - Lauralogo\" \/>\n<meta property=\"og:description\" content=\"D\u00e9couvrez les ressources Logopedia post-ictus en M\u00e1laga | Rehabilitaci\u00f3n del lenguaje 18\/12\/2025 Logopedia post-ictus: rehabilitaci\u00f3n del lenguaje tras un ACV Un accidente cerebrovascular (ACV) puede tener consecuencias profundas en la comunicaci\u00f3n. Entre&#8230; Leer m\u00e1s \u2192 Logopeda franc\u00f3fona en M\u00e1laga 22\/11\/2025 \u00bfBuscas una logopeda franc\u00f3fona en M\u00e1laga o alrededores? Descubre un enfoque humano y personalizado adaptado [&hellip;]\" \/>\n<meta property=\"og:url\" content=\"https:\/\/lauralogo.com\/fr\/blog\/\" \/>\n<meta property=\"og:site_name\" content=\"Lauralogo\" \/>\n<meta property=\"article:modified_time\" content=\"2025-12-18T20:16:43+00:00\" \/>\n<meta property=\"og:image\" content=\"https:\/\/lauralogo.com\/wp-content\/uploads\/2025\/12\/87E965BF-D356-4328-A0F3-D8C8BC3B271C.png\" \/>\n<meta name=\"twitter:card\" content=\"summary_large_image\" \/>\n<script type=\"application\/ld+json\" class=\"yoast-schema-graph\">{\"@context\":\"https:\/\/schema.org\",\"@graph\":[{\"@type\":\"WebPage\",\"@id\":\"https:\/\/lauralogo.com\/fr\/blog\/\",\"url\":\"https:\/\/lauralogo.com\/fr\/blog\/\",\"name\":\"Blog - Lauralogo\",\"isPartOf\":{\"@id\":\"https:\/\/lauralogo.com\/fr\/#website\"},\"primaryImageOfPage\":{\"@id\":\"https:\/\/lauralogo.com\/fr\/blog\/#primaryimage\"},\"image\":{\"@id\":\"https:\/\/lauralogo.com\/fr\/blog\/#primaryimage\"},\"thumbnailUrl\":\"https:\/\/lauralogo.com\/wp-content\/uploads\/2025\/12\/87E965BF-D356-4328-A0F3-D8C8BC3B271C.png\",\"datePublished\":\"2025-12-15T23:45:27+00:00\",\"dateModified\":\"2025-12-18T20:16:43+00:00\",\"breadcrumb\":{\"@id\":\"https:\/\/lauralogo.com\/fr\/blog\/#breadcrumb\"},\"inLanguage\":\"fr-FR\",\"potentialAction\":[{\"@type\":\"ReadAction\",\"target\":[\"https:\/\/lauralogo.com\/fr\/blog\/\"]}]},{\"@type\":\"ImageObject\",\"inLanguage\":\"fr-FR\",\"@id\":\"https:\/\/lauralogo.com\/fr\/blog\/#primaryimage\",\"url\":\"https:\/\/lauralogo.com\/wp-content\/uploads\/2025\/12\/87E965BF-D356-4328-A0F3-D8C8BC3B271C.png\",\"contentUrl\":\"https:\/\/lauralogo.com\/wp-content\/uploads\/2025\/12\/87E965BF-D356-4328-A0F3-D8C8BC3B271C.png\"},{\"@type\":\"BreadcrumbList\",\"@id\":\"https:\/\/lauralogo.com\/fr\/blog\/#breadcrumb\",\"itemListElement\":[{\"@type\":\"ListItem\",\"position\":1,\"name\":\"Portada\",\"item\":\"https:\/\/lauralogo.com\/fr\/\"},{\"@type\":\"ListItem\",\"position\":2,\"name\":\"Blog\"}]},{\"@type\":\"WebSite\",\"@id\":\"https:\/\/lauralogo.com\/fr\/#website\",\"url\":\"https:\/\/lauralogo.com\/fr\/\",\"name\":\"Lauralogo\",\"description\":\"Laura Benitez - Logopeda\",\"publisher\":{\"@id\":\"https:\/\/lauralogo.com\/fr\/#\/schema\/person\/f170a007106d64af0135fc1ddef8ae62\"},\"potentialAction\":[{\"@type\":\"SearchAction\",\"target\":{\"@type\":\"EntryPoint\",\"urlTemplate\":\"https:\/\/lauralogo.com\/fr\/?s={search_term_string}\"},\"query-input\":{\"@type\":\"PropertyValueSpecification\",\"valueRequired\":true,\"valueName\":\"search_term_string\"}}],\"inLanguage\":\"fr-FR\"},{\"@type\":[\"Person\",\"Organization\"],\"@id\":\"https:\/\/lauralogo.com\/fr\/#\/schema\/person\/f170a007106d64af0135fc1ddef8ae62\",\"name\":\"Laura\",\"image\":{\"@type\":\"ImageObject\",\"inLanguage\":\"fr-FR\",\"@id\":\"https:\/\/lauralogo.com\/fr\/#\/schema\/person\/image\/\",\"url\":\"https:\/\/lauralogo.com\/wp-content\/uploads\/2025\/09\/cropped-LOGO.png\",\"contentUrl\":\"https:\/\/lauralogo.com\/wp-content\/uploads\/2025\/09\/cropped-LOGO.png\",\"width\":1267,\"height\":596,\"caption\":\"Laura\"},\"logo\":{\"@id\":\"https:\/\/lauralogo.com\/fr\/#\/schema\/person\/image\/\"},\"sameAs\":[\"https:\/\/lauralogo.com\"]}]}<\/script>\n<!-- \/ Yoast SEO plugin. -->","yoast_head_json":{"title":"Blog - Lauralogo","robots":{"index":"index","follow":"follow","max-snippet":"max-snippet:-1","max-image-preview":"max-image-preview:large","max-video-preview":"max-video-preview:-1"},"canonical":"https:\/\/lauralogo.com\/fr\/blog\/","og_locale":"fr_FR","og_type":"article","og_title":"Blog - Lauralogo","og_description":"D\u00e9couvrez les ressources Logopedia post-ictus en M\u00e1laga | Rehabilitaci\u00f3n del lenguaje 18\/12\/2025 Logopedia post-ictus: rehabilitaci\u00f3n del lenguaje tras un ACV Un accidente cerebrovascular (ACV) puede tener consecuencias profundas en la comunicaci\u00f3n. Entre&#8230; Leer m\u00e1s \u2192 Logopeda franc\u00f3fona en M\u00e1laga 22\/11\/2025 \u00bfBuscas una logopeda franc\u00f3fona en M\u00e1laga o alrededores? Descubre un enfoque humano y personalizado adaptado [&hellip;]","og_url":"https:\/\/lauralogo.com\/fr\/blog\/","og_site_name":"Lauralogo","article_modified_time":"2025-12-18T20:16:43+00:00","og_image":[{"url":"https:\/\/lauralogo.com\/wp-content\/uploads\/2025\/12\/87E965BF-D356-4328-A0F3-D8C8BC3B271C.png","type":"","width":"","height":""}],"twitter_card":"summary_large_image","schema":{"@context":"https:\/\/schema.org","@graph":[{"@type":"WebPage","@id":"https:\/\/lauralogo.com\/fr\/blog\/","url":"https:\/\/lauralogo.com\/fr\/blog\/","name":"Blog - Lauralogo","isPartOf":{"@id":"https:\/\/lauralogo.com\/fr\/#website"},"primaryImageOfPage":{"@id":"https:\/\/lauralogo.com\/fr\/blog\/#primaryimage"},"image":{"@id":"https:\/\/lauralogo.com\/fr\/blog\/#primaryimage"},"thumbnailUrl":"https:\/\/lauralogo.com\/wp-content\/uploads\/2025\/12\/87E965BF-D356-4328-A0F3-D8C8BC3B271C.png","datePublished":"2025-12-15T23:45:27+00:00","dateModified":"2025-12-18T20:16:43+00:00","breadcrumb":{"@id":"https:\/\/lauralogo.com\/fr\/blog\/#breadcrumb"},"inLanguage":"fr-FR","potentialAction":[{"@type":"ReadAction","target":["https:\/\/lauralogo.com\/fr\/blog\/"]}]},{"@type":"ImageObject","inLanguage":"fr-FR","@id":"https:\/\/lauralogo.com\/fr\/blog\/#primaryimage","url":"https:\/\/lauralogo.com\/wp-content\/uploads\/2025\/12\/87E965BF-D356-4328-A0F3-D8C8BC3B271C.png","contentUrl":"https:\/\/lauralogo.com\/wp-content\/uploads\/2025\/12\/87E965BF-D356-4328-A0F3-D8C8BC3B271C.png"},{"@type":"BreadcrumbList","@id":"https:\/\/lauralogo.com\/fr\/blog\/#breadcrumb","itemListElement":[{"@type":"ListItem","position":1,"name":"Portada","item":"https:\/\/lauralogo.com\/fr\/"},{"@type":"ListItem","position":2,"name":"Blog"}]},{"@type":"WebSite","@id":"https:\/\/lauralogo.com\/fr\/#website","url":"https:\/\/lauralogo.com\/fr\/","name":"Lauralogo","description":"Laura Benitez - Logopeda","publisher":{"@id":"https:\/\/lauralogo.com\/fr\/#\/schema\/person\/f170a007106d64af0135fc1ddef8ae62"},"potentialAction":[{"@type":"SearchAction","target":{"@type":"EntryPoint","urlTemplate":"https:\/\/lauralogo.com\/fr\/?s={search_term_string}"},"query-input":{"@type":"PropertyValueSpecification","valueRequired":true,"valueName":"search_term_string"}}],"inLanguage":"fr-FR"},{"@type":["Person","Organization"],"@id":"https:\/\/lauralogo.com\/fr\/#\/schema\/person\/f170a007106d64af0135fc1ddef8ae62","name":"Laura","image":{"@type":"ImageObject","inLanguage":"fr-FR","@id":"https:\/\/lauralogo.com\/fr\/#\/schema\/person\/image\/","url":"https:\/\/lauralogo.com\/wp-content\/uploads\/2025\/09\/cropped-LOGO.png","contentUrl":"https:\/\/lauralogo.com\/wp-content\/uploads\/2025\/09\/cropped-LOGO.png","width":1267,"height":596,"caption":"Laura"},"logo":{"@id":"https:\/\/lauralogo.com\/fr\/#\/schema\/person\/image\/"},"sameAs":["https:\/\/lauralogo.com"]}]}},"_links":{"self":[{"href":"https:\/\/lauralogo.com\/fr\/wp-json\/wp\/v2\/pages\/2170","targetHints":{"allow":["GET"]}}],"collection":[{"href":"https:\/\/lauralogo.com\/fr\/wp-json\/wp\/v2\/pages"}],"about":[{"href":"https:\/\/lauralogo.com\/fr\/wp-json\/wp\/v2\/types\/page"}],"author":[{"embeddable":true,"href":"https:\/\/lauralogo.com\/fr\/wp-json\/wp\/v2\/users\/1"}],"replies":[{"embeddable":true,"href":"https:\/\/lauralogo.com\/fr\/wp-json\/wp\/v2\/comments?post=2170"}],"version-history":[{"count":4,"href":"https:\/\/lauralogo.com\/fr\/wp-json\/wp\/v2\/pages\/2170\/revisions"}],"predecessor-version":[{"id":2403,"href":"https:\/\/lauralogo.com\/fr\/wp-json\/wp\/v2\/pages\/2170\/revisions\/2403"}],"wp:attachment":[{"href":"https:\/\/lauralogo.com\/fr\/wp-json\/wp\/v2\/media?parent=2170"}],"curies":[{"name":"wp","href":"https:\/\/api.w.org\/{rel}","templated":true}]}}